{"id":429825,"date":"2026-02-04T16:39:46","date_gmt":"2026-02-04T16:39:46","guid":{"rendered":"https:\/\/irankiuzona.lt\/product\/kniediklis-m3-m12\/"},"modified":"2026-04-16T14:57:30","modified_gmt":"2026-04-16T14:57:30","slug":"kniediklis-m3-m12","status":"publish","type":"product","link":"https:\/\/irankiuzona.lt\/ru\/product\/kniediklis-m3-m12\/","title":{"rendered":"Kniediklis M3 &#8211; M12"},"content":{"rendered":"<p>Su adapteriu knied\u0117ms ir ver\u017el\u0117ms yra novatori\u0161kas \u012frankis, skirtas greitam ir patikimam element\u0173 sujungimui \u012fvairiose srityse.<br \/>\nM3 M4 M5 M6 M8 M10 M12<br \/>\n2,4 mm 3,2 mm 4,0 mm 4,8 mm 6,0 mm 6,4 mm<br \/>\n\u012erankio tipas: Kniediklis<br \/>\nJungtis: 1\/4 colio<br \/>\nGalvut\u0117s: M3\u2013M12 (2,4, 3,2, 4,0, 4,8, 6,0, 6,4 mm)<br \/>\nSvoris: apie 1,7 kg<\/p>","protected":false},"excerpt":{"rendered":"<p>3 viename adapteris \/ kniediklis<\/p>","protected":false},"featured_media":429827,"comment_status":"open","ping_status":"closed","template":"","meta":[],"product_cat":[10134],"product_tag":[10104],"class_list":{"0":"post-429825","1":"product","2":"type-product","3":"status-publish","4":"has-post-thumbnail","6":"product_brand-kraftdele","7":"product_cat-kniedikliai-srieginiai-kniedikliai-kniedes","8":"product_tag-kraftdele","10":"first","11":"outofstock","12":"purchasable","13":"product-type-simple"},"jetpack_sharing_enabled":true,"_links":{"self":[{"href":"https:\/\/irankiuzona.lt\/ru\/wp-json\/wp\/v2\/product\/429825","targetHints":{"allow":["GET"]}}],"collection":[{"href":"https:\/\/irankiuzona.lt\/ru\/wp-json\/wp\/v2\/product"}],"about":[{"href":"https:\/\/irankiuzona.lt\/ru\/wp-json\/wp\/v2\/types\/product"}],"replies":[{"embeddable":true,"href":"https:\/\/irankiuzona.lt\/ru\/wp-json\/wp\/v2\/comments?post=429825"}],"version-history":[{"count":2,"href":"https:\/\/irankiuzona.lt\/ru\/wp-json\/wp\/v2\/product\/429825\/revisions"}],"predecessor-version":[{"id":429858,"href":"https:\/\/irankiuzona.lt\/ru\/wp-json\/wp\/v2\/product\/429825\/revisions\/429858"}],"wp:featuredmedia":[{"embeddable":true,"href":"https:\/\/irankiuzona.lt\/ru\/wp-json\/wp\/v2\/media\/429827"}],"wp:attachment":[{"href":"https:\/\/irankiuzona.lt\/ru\/wp-json\/wp\/v2\/media?parent=429825"}],"wp:term":[{"taxonomy":"product_cat","embeddable":true,"href":"https:\/\/irankiuzona.lt\/ru\/wp-json\/wp\/v2\/product_cat?post=429825"},{"taxonomy":"product_tag","embeddable":true,"href":"https:\/\/irankiuzona.lt\/ru\/wp-json\/wp\/v2\/product_tag?post=429825"}],"curies":[{"name":"wp","href":"https:\/\/api.w.org\/{rel}","templated":true}]}}