{"id":429852,"date":"2026-02-04T16:41:01","date_gmt":"2026-02-04T16:41:01","guid":{"rendered":"https:\/\/irankiuzona.lt\/product\/endoskopas-su-ekranu-2\/"},"modified":"2026-04-21T18:07:57","modified_gmt":"2026-04-21T18:07:57","slug":"endoskopas-su-ekranu-2","status":"publish","type":"product","link":"https:\/\/irankiuzona.lt\/ru\/product\/endoskopas-su-ekranu-2\/","title":{"rendered":"Endoskopas su ekranu"},"content":{"rendered":"<p>Moderni \u201eKraft&amp;Dele\u201c endoskopin\u0117 kamera KD5542 yra nepakei\u010diamas diagnostikos \u012frankis daugelyje pramon\u0117s \u0161ak\u0173 ir aptarnavimo sri\u010di\u0173.<br \/>\n\u012erenginys apr\u016bpintas 4,3 colio spalvotu LCD ekranu ir didel\u0117s rai\u0161kos \u201eFull HD 1080P\u201c kamera, kuri u\u017etikrina puiki\u0105 vaizdo kokyb\u0119 net ir sud\u0117tingomis s\u0105lygomis.<br \/>\nPagrindin\u0117s savyb\u0117s:<br \/>\n\u2705 4,3 colio LCD ekranas \u2013 leid\u017eia per\u017ei\u016br\u0117ti vaizd\u0105 realiuoju laiku<br \/>\n\u2705 1080P rai\u0161ka \u2013 auk\u0161tos kokyb\u0117s nuotraukos ir vaizdo \u012fra\u0161ai i\u0161 priekin\u0117s ir \u0161onin\u0117s kamer\u0173<br \/>\n\u2705 4\u201310 cm \u017eidinio nuotolis \u2013 idealiai tinka tiksliems patikrinimams<br \/>\n\u2705 IP68 apsaugos klas\u0117 \u2013 vandeniui atspari kamera, idealiai tinka naudoti dr\u0117gnoje aplinkoje<br \/>\n\u2705 TF korteli\u0173 palaikymas \u2013 leid\u017eia i\u0161saugoti nuotraukas ir \u012fra\u0161us<br \/>\n\u2705 Zondo skersmuo: 8 mm<br \/>\nTechnin\u0117s specifikacijos:<br \/>\n\u2699\ufe0f Modelis: KD5542<br \/>\n\u2699\ufe0f Ekranas: 4,3 colio spalvotas LCD<br \/>\n\u2699\ufe0f Kameros rai\u0161ka: 1920 x 1080<br \/>\n\u2699\ufe0f Matymo kampas: 70\u00b0<br \/>\n\u2699\ufe0f Atsparumas vandeniui: IP68 (tik objektyvas)<br \/>\n\u2699\ufe0f \u017didinio nuotolis: 4\u201310 cm<br \/>\n\u2699\ufe0f Zondo skersmuo: 8 mm<br \/>\n\u2699\ufe0f Meniu kalba: 11 kalb\u0173, \u012fskaitant lenk\u0173<\/p>","protected":false},"excerpt":{"rendered":"<p>3000mAh endoskopo kamera<\/p>","protected":false},"featured_media":429854,"comment_status":"open","ping_status":"closed","template":"","meta":[],"product_cat":[10126],"product_tag":[10104],"class_list":{"0":"post-429852","1":"product","2":"type-product","3":"status-publish","4":"has-post-thumbnail","6":"product_brand-kraftdele","7":"product_cat-endoskopai-kameros","8":"product_tag-kraftdele","10":"first","11":"instock","12":"purchasable","13":"product-type-simple"},"jetpack_sharing_enabled":true,"_links":{"self":[{"href":"https:\/\/irankiuzona.lt\/ru\/wp-json\/wp\/v2\/product\/429852","targetHints":{"allow":["GET"]}}],"collection":[{"href":"https:\/\/irankiuzona.lt\/ru\/wp-json\/wp\/v2\/product"}],"about":[{"href":"https:\/\/irankiuzona.lt\/ru\/wp-json\/wp\/v2\/types\/product"}],"replies":[{"embeddable":true,"href":"https:\/\/irankiuzona.lt\/ru\/wp-json\/wp\/v2\/comments?post=429852"}],"version-history":[{"count":2,"href":"https:\/\/irankiuzona.lt\/ru\/wp-json\/wp\/v2\/product\/429852\/revisions"}],"predecessor-version":[{"id":429855,"href":"https:\/\/irankiuzona.lt\/ru\/wp-json\/wp\/v2\/product\/429852\/revisions\/429855"}],"wp:featuredmedia":[{"embeddable":true,"href":"https:\/\/irankiuzona.lt\/ru\/wp-json\/wp\/v2\/media\/429854"}],"wp:attachment":[{"href":"https:\/\/irankiuzona.lt\/ru\/wp-json\/wp\/v2\/media?parent=429852"}],"wp:term":[{"taxonomy":"product_cat","embeddable":true,"href":"https:\/\/irankiuzona.lt\/ru\/wp-json\/wp\/v2\/product_cat?post=429852"},{"taxonomy":"product_tag","embeddable":true,"href":"https:\/\/irankiuzona.lt\/ru\/wp-json\/wp\/v2\/product_tag?post=429852"}],"curies":[{"name":"wp","href":"https:\/\/api.w.org\/{rel}","templated":true}]}}