{"id":429884,"date":"2026-02-10T18:10:06","date_gmt":"2026-02-10T18:10:06","guid":{"rendered":"https:\/\/irankiuzona.lt\/product\/graztas-betonui-o5mm210mm-sds-2\/"},"modified":"2026-04-13T16:33:08","modified_gmt":"2026-04-13T16:33:08","slug":"graztas-betonui-o5mm210mm-sds-2","status":"publish","type":"product","link":"https:\/\/irankiuzona.lt\/ru\/product\/graztas-betonui-o5mm210mm-sds-2\/","title":{"rendered":"Gr\u0105\u017etas betonui \u00d85mm*210mm \/ SDS+"},"content":{"rendered":"<p>Gr\u0105\u017eto tvirtinimas: SDS-PLUS \/ (SDS+)<\/p>","protected":false},"excerpt":{"rendered":"<p>Betono gr\u0105\u017etas SDS-PLUS \u00d85 mm*210 mm<\/p>","protected":false},"featured_media":242558,"comment_status":"open","ping_status":"open","template":"","meta":[],"product_cat":[9639],"product_tag":[9716],"class_list":{"0":"post-429884","1":"product","2":"type-product","3":"status-publish","4":"has-post-thumbnail","6":"product_brand-jufisto-lenkija","7":"product_cat-graztai-betonui-sds","8":"product_tag-jufisto-lenkija","10":"first","11":"instock","12":"purchasable","13":"product-type-simple"},"jetpack_sharing_enabled":true,"_links":{"self":[{"href":"https:\/\/irankiuzona.lt\/ru\/wp-json\/wp\/v2\/product\/429884","targetHints":{"allow":["GET"]}}],"collection":[{"href":"https:\/\/irankiuzona.lt\/ru\/wp-json\/wp\/v2\/product"}],"about":[{"href":"https:\/\/irankiuzona.lt\/ru\/wp-json\/wp\/v2\/types\/product"}],"replies":[{"embeddable":true,"href":"https:\/\/irankiuzona.lt\/ru\/wp-json\/wp\/v2\/comments?post=429884"}],"version-history":[{"count":1,"href":"https:\/\/irankiuzona.lt\/ru\/wp-json\/wp\/v2\/product\/429884\/revisions"}],"predecessor-version":[{"id":429885,"href":"https:\/\/irankiuzona.lt\/ru\/wp-json\/wp\/v2\/product\/429884\/revisions\/429885"}],"wp:featuredmedia":[{"embeddable":true,"href":"https:\/\/irankiuzona.lt\/ru\/wp-json\/wp\/v2\/media\/242558"}],"wp:attachment":[{"href":"https:\/\/irankiuzona.lt\/ru\/wp-json\/wp\/v2\/media?parent=429884"}],"wp:term":[{"taxonomy":"product_cat","embeddable":true,"href":"https:\/\/irankiuzona.lt\/ru\/wp-json\/wp\/v2\/product_cat?post=429884"},{"taxonomy":"product_tag","embeddable":true,"href":"https:\/\/irankiuzona.lt\/ru\/wp-json\/wp\/v2\/product_tag?post=429884"}],"curies":[{"name":"wp","href":"https:\/\/api.w.org\/{rel}","templated":true}]}}