{"id":429911,"date":"2026-02-10T19:33:00","date_gmt":"2026-02-10T19:33:00","guid":{"rendered":"https:\/\/irankiuzona.lt\/product\/guoliu-nuemeju-irankiu-komplektas-12-75mm-2-ju-koju\/"},"modified":"2026-02-10T19:33:00","modified_gmt":"2026-02-10T19:33:00","slug":"guoliu-nuemeju-irankiu-komplektas-12-75mm-2-ju-koju","status":"publish","type":"product","link":"https:\/\/irankiuzona.lt\/ru\/product\/guoliu-nuemeju-irankiu-komplektas-12-75mm-2-ju-koju\/","title":{"rendered":"GUOLI\u0172 NU\u0116M\u0116J\u0172 \u012eRANKI\u0172 KOMPLEKTAS 12-75mm 2-j\u0173 koj\u0173"},"content":{"rendered":"<p>12-75MM<\/p>","protected":false},"excerpt":{"rendered":"<p>Atskyriklis \/ nu\u0117m\u0117jas 12-75mm 2-j\u0173 koj\u0173<\/p>","protected":false},"featured_media":429913,"comment_status":"open","ping_status":"open","template":"","meta":[],"product_cat":[9536],"product_tag":[9969],"class_list":{"0":"post-429911","1":"product","2":"type-product","3":"status-publish","4":"has-post-thumbnail","6":"product_brand-hogert-technik-vokietija","7":"product_cat-lygiagretus-nuemejai-atskyrejai-pusmenuliai","8":"product_tag-hogert-technik-vokietija","10":"first","11":"instock","12":"purchasable","13":"product-type-simple"},"jetpack_sharing_enabled":true,"_links":{"self":[{"href":"https:\/\/irankiuzona.lt\/ru\/wp-json\/wp\/v2\/product\/429911","targetHints":{"allow":["GET"]}}],"collection":[{"href":"https:\/\/irankiuzona.lt\/ru\/wp-json\/wp\/v2\/product"}],"about":[{"href":"https:\/\/irankiuzona.lt\/ru\/wp-json\/wp\/v2\/types\/product"}],"replies":[{"embeddable":true,"href":"https:\/\/irankiuzona.lt\/ru\/wp-json\/wp\/v2\/comments?post=429911"}],"version-history":[{"count":1,"href":"https:\/\/irankiuzona.lt\/ru\/wp-json\/wp\/v2\/product\/429911\/revisions"}],"predecessor-version":[{"id":429912,"href":"https:\/\/irankiuzona.lt\/ru\/wp-json\/wp\/v2\/product\/429911\/revisions\/429912"}],"wp:featuredmedia":[{"embeddable":true,"href":"https:\/\/irankiuzona.lt\/ru\/wp-json\/wp\/v2\/media\/429913"}],"wp:attachment":[{"href":"https:\/\/irankiuzona.lt\/ru\/wp-json\/wp\/v2\/media?parent=429911"}],"wp:term":[{"taxonomy":"product_cat","embeddable":true,"href":"https:\/\/irankiuzona.lt\/ru\/wp-json\/wp\/v2\/product_cat?post=429911"},{"taxonomy":"product_tag","embeddable":true,"href":"https:\/\/irankiuzona.lt\/ru\/wp-json\/wp\/v2\/product_tag?post=429911"}],"curies":[{"name":"wp","href":"https:\/\/api.w.org\/{rel}","templated":true}]}}