{"id":429914,"date":"2026-02-10T19:33:42","date_gmt":"2026-02-10T19:33:42","guid":{"rendered":"https:\/\/irankiuzona.lt\/product\/guoliu-nuemeju-irankiu-komplektas-22-115mm-2-ju-koju\/"},"modified":"2026-02-19T00:00:23","modified_gmt":"2026-02-19T00:00:23","slug":"guoliu-nuemeju-irankiu-komplektas-22-115mm-2-ju-koju","status":"publish","type":"product","link":"https:\/\/irankiuzona.lt\/ru\/product\/guoliu-nuemeju-irankiu-komplektas-22-115mm-2-ju-koju\/","title":{"rendered":"GUOLI\u0172 NU\u0116M\u0116J\u0172 \u012eRANKI\u0172 KOMPLEKTAS 22-115mm 2-j\u0173 koj\u0173"},"content":{"rendered":"<p>22-115MM<\/p>","protected":false},"excerpt":{"rendered":"<p>\u00a0Atskyriklis \/ nu\u0117m\u0117jas 22-115mm 2-j\u0173 koj\u0173<\/p>","protected":false},"featured_media":255441,"comment_status":"open","ping_status":"closed","template":"","meta":[],"product_cat":[9536],"product_tag":[9969],"class_list":{"0":"post-429914","1":"product","2":"type-product","3":"status-publish","4":"has-post-thumbnail","6":"product_brand-hogert-technik-vokietija","7":"product_cat-lygiagretus-nuemejai-atskyrejai-pusmenuliai","8":"product_tag-hogert-technik-vokietija","10":"first","11":"instock","12":"purchasable","13":"product-type-simple"},"jetpack_sharing_enabled":true,"_links":{"self":[{"href":"https:\/\/irankiuzona.lt\/ru\/wp-json\/wp\/v2\/product\/429914","targetHints":{"allow":["GET"]}}],"collection":[{"href":"https:\/\/irankiuzona.lt\/ru\/wp-json\/wp\/v2\/product"}],"about":[{"href":"https:\/\/irankiuzona.lt\/ru\/wp-json\/wp\/v2\/types\/product"}],"replies":[{"embeddable":true,"href":"https:\/\/irankiuzona.lt\/ru\/wp-json\/wp\/v2\/comments?post=429914"}],"version-history":[{"count":1,"href":"https:\/\/irankiuzona.lt\/ru\/wp-json\/wp\/v2\/product\/429914\/revisions"}],"predecessor-version":[{"id":429915,"href":"https:\/\/irankiuzona.lt\/ru\/wp-json\/wp\/v2\/product\/429914\/revisions\/429915"}],"wp:featuredmedia":[{"embeddable":true,"href":"https:\/\/irankiuzona.lt\/ru\/wp-json\/wp\/v2\/media\/255441"}],"wp:attachment":[{"href":"https:\/\/irankiuzona.lt\/ru\/wp-json\/wp\/v2\/media?parent=429914"}],"wp:term":[{"taxonomy":"product_cat","embeddable":true,"href":"https:\/\/irankiuzona.lt\/ru\/wp-json\/wp\/v2\/product_cat?post=429914"},{"taxonomy":"product_tag","embeddable":true,"href":"https:\/\/irankiuzona.lt\/ru\/wp-json\/wp\/v2\/product_tag?post=429914"}],"curies":[{"name":"wp","href":"https:\/\/api.w.org\/{rel}","templated":true}]}}