{"id":429930,"date":"2026-02-10T20:14:26","date_gmt":"2026-02-10T20:14:26","guid":{"rendered":"https:\/\/irankiuzona.lt\/product\/spec-galvutes-sugadintems-varztams-3-8-10vnt-10-19mm-2\/"},"modified":"2026-04-16T14:38:24","modified_gmt":"2026-04-16T14:38:24","slug":"spec-galvutes-sugadintems-varztams-3-8-10vnt-10-19mm-2","status":"publish","type":"product","link":"https:\/\/irankiuzona.lt\/ru\/product\/spec-galvutes-sugadintems-varztams-3-8-10vnt-10-19mm-2\/","title":{"rendered":"Spec. galvut\u0117s sugadint\u0117ms var\u017etams 3\/8&quot; 10vnt. 10-19mm"},"content":{"rendered":"<p>\u2022 9mm 3\/8\u201d\u00a0<br \/>\n\u2022 10mm 3\/8\u201d\u00a0<br \/>\n\u2022 11mm 3\/8\u201d\u00a0<br \/>\n\u2022 12mm 3\/8\u201d\u00a0<br \/>\n\u2022 13mm 3\/8\u201d\u00a0<br \/>\n\u2022 14mm 3\/8\u201d\u00a0<br \/>\n\u2022 15mm 3\/8\u201d\u00a0<br \/>\n\u2022 16mm 3\/8\u201d\u00a0<br \/>\n\u2022 17mm 3\/8\u201d\u00a0<br \/>\n\u2022 19mm 3\/8\u201d\u00a0<\/p>","protected":false},"excerpt":{"rendered":"<p>Spec. galvut\u0117s sugadint\u0117ms var\u017etams 3\/8&quot; 10vnt. 10-19mm<\/p>","protected":false},"featured_media":261951,"comment_status":"open","ping_status":"open","template":"","meta":[],"product_cat":[9500],"product_tag":[10130],"class_list":{"0":"post-429930","1":"product","2":"type-product","3":"status-publish","4":"has-post-thumbnail","6":"product_brand-satra-lenkija","7":"product_cat-galvuciu-komplektai-sugadintiems-varztams","8":"product_tag-satra-lenkija","10":"first","11":"instock","12":"purchasable","13":"product-type-simple"},"jetpack_sharing_enabled":true,"_links":{"self":[{"href":"https:\/\/irankiuzona.lt\/ru\/wp-json\/wp\/v2\/product\/429930","targetHints":{"allow":["GET"]}}],"collection":[{"href":"https:\/\/irankiuzona.lt\/ru\/wp-json\/wp\/v2\/product"}],"about":[{"href":"https:\/\/irankiuzona.lt\/ru\/wp-json\/wp\/v2\/types\/product"}],"replies":[{"embeddable":true,"href":"https:\/\/irankiuzona.lt\/ru\/wp-json\/wp\/v2\/comments?post=429930"}],"version-history":[{"count":1,"href":"https:\/\/irankiuzona.lt\/ru\/wp-json\/wp\/v2\/product\/429930\/revisions"}],"predecessor-version":[{"id":429931,"href":"https:\/\/irankiuzona.lt\/ru\/wp-json\/wp\/v2\/product\/429930\/revisions\/429931"}],"wp:featuredmedia":[{"embeddable":true,"href":"https:\/\/irankiuzona.lt\/ru\/wp-json\/wp\/v2\/media\/261951"}],"wp:attachment":[{"href":"https:\/\/irankiuzona.lt\/ru\/wp-json\/wp\/v2\/media?parent=429930"}],"wp:term":[{"taxonomy":"product_cat","embeddable":true,"href":"https:\/\/irankiuzona.lt\/ru\/wp-json\/wp\/v2\/product_cat?post=429930"},{"taxonomy":"product_tag","embeddable":true,"href":"https:\/\/irankiuzona.lt\/ru\/wp-json\/wp\/v2\/product_tag?post=429930"}],"curies":[{"name":"wp","href":"https:\/\/api.w.org\/{rel}","templated":true}]}}