{"id":429940,"date":"2026-02-10T20:26:23","date_gmt":"2026-02-10T20:26:23","guid":{"rendered":"https:\/\/irankiuzona.lt\/product\/kuro-filtro-dangtelio-nuemejas-100-170mm-3\/"},"modified":"2026-04-17T02:29:24","modified_gmt":"2026-04-17T02:29:24","slug":"kuro-filtro-dangtelio-nuemejas-100-170mm-3","status":"publish","type":"product","link":"https:\/\/irankiuzona.lt\/ru\/product\/kuro-filtro-dangtelio-nuemejas-100-170mm-3\/","title":{"rendered":"Kuro filtro dangtelio nu\u0117m\u0117jas 100-170mm"},"content":{"rendered":"<p>Kuro filtro dangtelio nu\u0117m\u0117jas 100-170mm<\/p>","protected":false},"excerpt":{"rendered":"<p>Kuro filtro dangtelio nu\u0117m\u0117jas 100-170mm<\/p>","protected":false},"featured_media":263951,"comment_status":"open","ping_status":"open","template":"","meta":[],"product_cat":[9614],"product_tag":[10130],"class_list":{"0":"post-429940","1":"product","2":"type-product","3":"status-publish","4":"has-post-thumbnail","6":"product_brand-satra-lenkija","7":"product_cat-irankiai-kuro-bakui-kuro-filtrui","8":"product_tag-satra-lenkija","10":"first","11":"instock","12":"purchasable","13":"product-type-simple"},"jetpack_sharing_enabled":true,"_links":{"self":[{"href":"https:\/\/irankiuzona.lt\/ru\/wp-json\/wp\/v2\/product\/429940","targetHints":{"allow":["GET"]}}],"collection":[{"href":"https:\/\/irankiuzona.lt\/ru\/wp-json\/wp\/v2\/product"}],"about":[{"href":"https:\/\/irankiuzona.lt\/ru\/wp-json\/wp\/v2\/types\/product"}],"replies":[{"embeddable":true,"href":"https:\/\/irankiuzona.lt\/ru\/wp-json\/wp\/v2\/comments?post=429940"}],"version-history":[{"count":1,"href":"https:\/\/irankiuzona.lt\/ru\/wp-json\/wp\/v2\/product\/429940\/revisions"}],"predecessor-version":[{"id":429941,"href":"https:\/\/irankiuzona.lt\/ru\/wp-json\/wp\/v2\/product\/429940\/revisions\/429941"}],"wp:featuredmedia":[{"embeddable":true,"href":"https:\/\/irankiuzona.lt\/ru\/wp-json\/wp\/v2\/media\/263951"}],"wp:attachment":[{"href":"https:\/\/irankiuzona.lt\/ru\/wp-json\/wp\/v2\/media?parent=429940"}],"wp:term":[{"taxonomy":"product_cat","embeddable":true,"href":"https:\/\/irankiuzona.lt\/ru\/wp-json\/wp\/v2\/product_cat?post=429940"},{"taxonomy":"product_tag","embeddable":true,"href":"https:\/\/irankiuzona.lt\/ru\/wp-json\/wp\/v2\/product_tag?post=429940"}],"curies":[{"name":"wp","href":"https:\/\/api.w.org\/{rel}","templated":true}]}}