{"id":429987,"date":"2026-02-10T21:54:39","date_gmt":"2026-02-10T21:54:39","guid":{"rendered":"https:\/\/irankiuzona.lt\/product\/akumuliatorinis-smuginis-verzliasukis-1-2-900nm\/"},"modified":"2026-04-14T22:45:16","modified_gmt":"2026-04-14T22:45:16","slug":"akumuliatorinis-smuginis-verzliasukis-1-2-900nm","status":"publish","type":"product","link":"https:\/\/irankiuzona.lt\/ru\/product\/akumuliatorinis-smuginis-verzliasukis-1-2-900nm\/","title":{"rendered":"Akumuliatorinis sm\u016bginis ver\u017eliasukis 1\/2 900Nm"},"content":{"rendered":"<p>+ 4 grei\u010di\u0173 galios pasirinkimas u\u017etikrina tiksl\u0173 tvirtinimo valdym\u0105.+ Atbulin\u0117s eigos laisvo stabdymo re\u017eimas.+ Be \u012frankio svoris tik 1,1 kg.<\/p>\n<p>1\/2 colio \/ 12,7 (mm) M6~M16<br \/>\nMaks. sukimo momentas 900 (Nm) \/ 660 (ft-lb)<br \/>\nGreitis be apkrovos 0\u2013900 \/ 0\u20131400 \/ 0\u20131800 \/ 0\u20132200 (aps.\/min.)<br \/>\nDidelis 900 Nm sukimo momentas atsukant u\u017etikrina patikim\u0105 sm\u016bgio mechanizm\u0105. Naudojam\u0173 med\u017eiag\u0173 kokyb\u0117garantuoja patikim\u0105 veikim\u0105 ir pasitenkinim\u0105 atlikta veikla. Ver\u017eliaraktis turi trij\u0173 pakop\u0173 priver\u017eimo j\u0117gosreguliavim\u0105, kad pritaikymo sritis b\u016bt\u0173 kuo platesn\u0117. Siekiant u\u017etikrinti kuo ilgesn\u012f raktelio ir akumuliatoriausveikim\u0105 be gedim\u0173, atsukimas visada atliekamas did\u017eiausiu grei\u010diu i\u0161laikant maksimal\u0173 sukimo moment\u0105.AUTSTOP funkcijaAutomatinis variklio ma\u017einimo ir veleno sustabdymo funkcija padeda i\u0161laikyti ver\u017el\u0117s\/var\u017eto tvirtinimo kontrol\u0119Sm\u016bginis ver\u017eliaraktis Mighty Seven<\/p>","protected":false},"excerpt":{"rendered":"<p>Akumuliatorinis sm\u016bginis ver\u017eliasukis\u00a01\/2-2 Li-io bat.18V 5.0A 900Nm<\/p>","protected":false},"featured_media":429989,"comment_status":"open","ping_status":"open","template":"","meta":[],"product_cat":[10114],"product_tag":[9875],"class_list":{"0":"post-429987","1":"product","2":"type-product","3":"status-publish","4":"has-post-thumbnail","6":"product_brand-mighty-seven-m7","7":"product_cat-1-2-smuginiai-akumuliatoriniai-verzliasukiai","8":"product_tag-mighty-seven-m7","10":"first","11":"instock","12":"purchasable","13":"product-type-simple"},"jetpack_sharing_enabled":true,"_links":{"self":[{"href":"https:\/\/irankiuzona.lt\/ru\/wp-json\/wp\/v2\/product\/429987","targetHints":{"allow":["GET"]}}],"collection":[{"href":"https:\/\/irankiuzona.lt\/ru\/wp-json\/wp\/v2\/product"}],"about":[{"href":"https:\/\/irankiuzona.lt\/ru\/wp-json\/wp\/v2\/types\/product"}],"replies":[{"embeddable":true,"href":"https:\/\/irankiuzona.lt\/ru\/wp-json\/wp\/v2\/comments?post=429987"}],"version-history":[{"count":1,"href":"https:\/\/irankiuzona.lt\/ru\/wp-json\/wp\/v2\/product\/429987\/revisions"}],"predecessor-version":[{"id":429988,"href":"https:\/\/irankiuzona.lt\/ru\/wp-json\/wp\/v2\/product\/429987\/revisions\/429988"}],"wp:featuredmedia":[{"embeddable":true,"href":"https:\/\/irankiuzona.lt\/ru\/wp-json\/wp\/v2\/media\/429989"}],"wp:attachment":[{"href":"https:\/\/irankiuzona.lt\/ru\/wp-json\/wp\/v2\/media?parent=429987"}],"wp:term":[{"taxonomy":"product_cat","embeddable":true,"href":"https:\/\/irankiuzona.lt\/ru\/wp-json\/wp\/v2\/product_cat?post=429987"},{"taxonomy":"product_tag","embeddable":true,"href":"https:\/\/irankiuzona.lt\/ru\/wp-json\/wp\/v2\/product_tag?post=429987"}],"curies":[{"name":"wp","href":"https:\/\/api.w.org\/{rel}","templated":true}]}}