{"id":429990,"date":"2026-02-10T21:54:42","date_gmt":"2026-02-10T21:54:42","guid":{"rendered":"https:\/\/irankiuzona.lt\/product\/antgaliai-dvipusiai-10vnt150mm\/"},"modified":"2026-04-12T00:32:02","modified_gmt":"2026-04-12T00:32:02","slug":"antgaliai-dvipusiai-10vnt150mm","status":"publish","type":"product","link":"https:\/\/irankiuzona.lt\/ru\/product\/antgaliai-dvipusiai-10vnt150mm\/","title":{"rendered":"Antgaliai dvipusiai 10vnt*150mm"},"content":{"rendered":"<p>Med\u017eiaga: CrV plienas, plastikas<br \/>\n Tvirtinimas: 1\/4 colio<br \/>\nRinkinio sud\u0117tis:<br \/>\nBendras ilgis: 150 mm<br \/>\nRinkinyje yra 10 dali\u0173 &#8211; plok\u0161\u010dias: SL3\/5\/7 &#8211; Phillips: PH1\/2\/3 &#8211; Phillips: PZ1\/2\/3<br \/>\nPaskirtis:<br \/>\nAtsuktuvo ir terk\u0161l\u0117s antgali\u0173 rinkinys.<br \/>\nPapildoma informacija:<br \/>\n Lizdin\u0117je pakuot\u0117je.<br \/>\nAntgaliai plastikiniame laikiklyje. Apra\u0161ymas: Antgaliai var\u017etams arba var\u017etams sukti. Frezuoti, apdoroti sm\u0117liasrove ir apsaugoti antikorozine danga. \u0160altai kalinti i\u0161 CrV plieno<\/p>","protected":false},"excerpt":{"rendered":"<p>Dvipusi\u0173 atsuktuv\u0173 antgali\u0173 rinkinys, 150 mm, CrV, 10 vnt.<\/p>","protected":false},"featured_media":429992,"comment_status":"open","ping_status":"open","template":"","meta":[],"product_cat":[9629],"product_tag":[9646],"class_list":{"0":"post-429990","1":"product","2":"type-product","3":"status-publish","4":"has-post-thumbnail","6":"product_brand-drel-lenkija","7":"product_cat-antgaliukai-bitukai-1-4-63mm","8":"product_tag-drel-lenkija","10":"first","11":"instock","12":"purchasable","13":"product-type-simple"},"jetpack_sharing_enabled":true,"_links":{"self":[{"href":"https:\/\/irankiuzona.lt\/ru\/wp-json\/wp\/v2\/product\/429990","targetHints":{"allow":["GET"]}}],"collection":[{"href":"https:\/\/irankiuzona.lt\/ru\/wp-json\/wp\/v2\/product"}],"about":[{"href":"https:\/\/irankiuzona.lt\/ru\/wp-json\/wp\/v2\/types\/product"}],"replies":[{"embeddable":true,"href":"https:\/\/irankiuzona.lt\/ru\/wp-json\/wp\/v2\/comments?post=429990"}],"version-history":[{"count":1,"href":"https:\/\/irankiuzona.lt\/ru\/wp-json\/wp\/v2\/product\/429990\/revisions"}],"predecessor-version":[{"id":429991,"href":"https:\/\/irankiuzona.lt\/ru\/wp-json\/wp\/v2\/product\/429990\/revisions\/429991"}],"wp:featuredmedia":[{"embeddable":true,"href":"https:\/\/irankiuzona.lt\/ru\/wp-json\/wp\/v2\/media\/429992"}],"wp:attachment":[{"href":"https:\/\/irankiuzona.lt\/ru\/wp-json\/wp\/v2\/media?parent=429990"}],"wp:term":[{"taxonomy":"product_cat","embeddable":true,"href":"https:\/\/irankiuzona.lt\/ru\/wp-json\/wp\/v2\/product_cat?post=429990"},{"taxonomy":"product_tag","embeddable":true,"href":"https:\/\/irankiuzona.lt\/ru\/wp-json\/wp\/v2\/product_tag?post=429990"}],"curies":[{"name":"wp","href":"https:\/\/api.w.org\/{rel}","templated":true}]}}