{"id":429993,"date":"2026-02-10T21:54:51","date_gmt":"2026-02-10T21:54:51","guid":{"rendered":"https:\/\/irankiuzona.lt\/product\/kablinis-raktas-200mm-9-25mm\/"},"modified":"2026-04-11T15:34:59","modified_gmt":"2026-04-11T15:34:59","slug":"kablinis-raktas-200mm-9-25mm","status":"publish","type":"product","link":"https:\/\/irankiuzona.lt\/ru\/product\/kablinis-raktas-200mm-9-25mm\/","title":{"rendered":"Kablinis raktas 200mm 9-25mm"},"content":{"rendered":"<p>Savaime u\u017esifiksuojantis kablio formos raktas yra specializuotas \u012frankis, skirtas greitai ir saugiai suimti ir pasukti vamzd\u017eius, apvalius elementus ir sriegines jungtis. D\u0117l savaime u\u017esifiksuojan\u010dio mechanizmo \u012frankis automati\u0161kai prisitaiko prie suimamo elemento skersmens, u\u017etikrindamas saug\u0173 ir galing\u0105 sukibim\u0105 be rankinio reguliavimo. Pagamintas i\u0161 patvaraus chromo-vanad\u017eio (CrV) plieno, su gr\u016bdintais 50 HRC kietumo \u017eandikauliais, raktas garantuoja patikimum\u0105 ir ilgaam\u017ei\u0161kum\u0105 net ir esant intensyvioms darbo s\u0105lygoms. Atsparus lenkimui, \u012ftr\u016bkimams ir korozijai, raktas gali b\u016bti saugiai naudojamas dirbtuv\u0117se ir statybviet\u0117se. Darbin\u0117 rakto dalis yra gr\u016bdinta iki 50 HRC kietumo, o tai \u017eymiai padidina atsparum\u0105 dilimui ir u\u017etikrina ilgalaik\u012f, patikim\u0105 veikim\u0105. Jis leid\u017eia automati\u0161kai reguliuoti \u017eandikaulius pagal \u012fvairius element\u0173 skersmenis \u2013 nereikia reguliuoti var\u017et\u0173 ar perstatyti j\u0173 pad\u0117ties. Jis leid\u017eia greitai sumontuoti rakt\u0105 ant vamzd\u017eio ar jungties, o d\u0117l vidini\u0173 dant\u0173 u\u017etikrina stabil\u0173 laikym\u0105 be slydimo rizikos. \u0160is raktas idealiai tinka darbui u\u017edarose erdv\u0117se, tokiose kaip hidraulin\u0117s sistemos ar automobili\u0173 remonto dirbtuv\u0117s. Taikymo sritys: Santechnikos ir santechnikos \u012frengimas, Statyb\u0173 surinkimo darbai, Pramon\u0117s ir automobili\u0173 remontas, Technin\u0117s paslaugos, Vamzd\u017ei\u0173, sriegini\u0173 jung\u010di\u0173, alk\u016bni\u0173 ir mov\u0173 montavimas ir i\u0161ardymas.<\/p>","protected":false},"excerpt":{"rendered":"<p>Kablio formos raktas 200 mm, 9\u201325 mm<\/p>","protected":false},"featured_media":429995,"comment_status":"open","ping_status":"open","template":"","meta":[],"product_cat":[9838],"product_tag":[10162],"class_list":{"0":"post-429993","1":"product","2":"type-product","3":"status-publish","4":"has-post-thumbnail","6":"product_brand-waart-lenkija","7":"product_cat-santechnines-vamzdines-reguliuojamos-reples","8":"product_tag-waart-lenkija","10":"first","11":"instock","12":"purchasable","13":"product-type-simple"},"jetpack_sharing_enabled":true,"_links":{"self":[{"href":"https:\/\/irankiuzona.lt\/ru\/wp-json\/wp\/v2\/product\/429993","targetHints":{"allow":["GET"]}}],"collection":[{"href":"https:\/\/irankiuzona.lt\/ru\/wp-json\/wp\/v2\/product"}],"about":[{"href":"https:\/\/irankiuzona.lt\/ru\/wp-json\/wp\/v2\/types\/product"}],"replies":[{"embeddable":true,"href":"https:\/\/irankiuzona.lt\/ru\/wp-json\/wp\/v2\/comments?post=429993"}],"version-history":[{"count":1,"href":"https:\/\/irankiuzona.lt\/ru\/wp-json\/wp\/v2\/product\/429993\/revisions"}],"predecessor-version":[{"id":429994,"href":"https:\/\/irankiuzona.lt\/ru\/wp-json\/wp\/v2\/product\/429993\/revisions\/429994"}],"wp:featuredmedia":[{"embeddable":true,"href":"https:\/\/irankiuzona.lt\/ru\/wp-json\/wp\/v2\/media\/429995"}],"wp:attachment":[{"href":"https:\/\/irankiuzona.lt\/ru\/wp-json\/wp\/v2\/media?parent=429993"}],"wp:term":[{"taxonomy":"product_cat","embeddable":true,"href":"https:\/\/irankiuzona.lt\/ru\/wp-json\/wp\/v2\/product_cat?post=429993"},{"taxonomy":"product_tag","embeddable":true,"href":"https:\/\/irankiuzona.lt\/ru\/wp-json\/wp\/v2\/product_tag?post=429993"}],"curies":[{"name":"wp","href":"https:\/\/api.w.org\/{rel}","templated":true}]}}