{"id":430008,"date":"2026-02-10T21:55:17","date_gmt":"2026-02-10T21:55:17","guid":{"rendered":"https:\/\/irankiuzona.lt\/product\/oziai-stovas-rastu-pjaustymui\/"},"modified":"2026-04-17T10:45:04","modified_gmt":"2026-04-17T10:45:04","slug":"oziai-stovas-rastu-pjaustymui","status":"publish","type":"product","link":"https:\/\/irankiuzona.lt\/ru\/product\/oziai-stovas-rastu-pjaustymui\/","title":{"rendered":"O\u017eiai &#8211; stovas r\u0105st\u0173 pjaustymui"},"content":{"rendered":"<p>Stovas pagamintas i\u0161 cinkuoto A3 plieno. <\/p>\n<p>Lengvas, sulankstomas dizainas u\u017eima ma\u017eai vietos gara\u017ee ar sand\u0117lyje ir gali b\u016bti i\u0161skleistas tik prireikus. <\/p>\n<p>Trys atramos su \u017eandikauliais tvirtai laiko pjaunam\u0105 med\u017eio gabal\u0105, neleisdamos jam slysti ar suktis pjovimo metu.<\/p>","protected":false},"excerpt":{"rendered":"<p>Med\u017eio pjovimo darb\u0173 stovas<\/p>","protected":false},"featured_media":430010,"comment_status":"open","ping_status":"open","template":"","meta":[],"product_cat":[9976],"product_tag":[9646],"class_list":{"0":"post-430008","1":"product","2":"type-product","3":"status-publish","4":"has-post-thumbnail","6":"product_brand-drel-lenkija","7":"product_cat-katalogas","8":"product_tag-drel-lenkija","10":"first","11":"instock","12":"purchasable","13":"product-type-simple"},"jetpack_sharing_enabled":true,"_links":{"self":[{"href":"https:\/\/irankiuzona.lt\/ru\/wp-json\/wp\/v2\/product\/430008","targetHints":{"allow":["GET"]}}],"collection":[{"href":"https:\/\/irankiuzona.lt\/ru\/wp-json\/wp\/v2\/product"}],"about":[{"href":"https:\/\/irankiuzona.lt\/ru\/wp-json\/wp\/v2\/types\/product"}],"replies":[{"embeddable":true,"href":"https:\/\/irankiuzona.lt\/ru\/wp-json\/wp\/v2\/comments?post=430008"}],"version-history":[{"count":1,"href":"https:\/\/irankiuzona.lt\/ru\/wp-json\/wp\/v2\/product\/430008\/revisions"}],"predecessor-version":[{"id":430009,"href":"https:\/\/irankiuzona.lt\/ru\/wp-json\/wp\/v2\/product\/430008\/revisions\/430009"}],"wp:featuredmedia":[{"embeddable":true,"href":"https:\/\/irankiuzona.lt\/ru\/wp-json\/wp\/v2\/media\/430010"}],"wp:attachment":[{"href":"https:\/\/irankiuzona.lt\/ru\/wp-json\/wp\/v2\/media?parent=430008"}],"wp:term":[{"taxonomy":"product_cat","embeddable":true,"href":"https:\/\/irankiuzona.lt\/ru\/wp-json\/wp\/v2\/product_cat?post=430008"},{"taxonomy":"product_tag","embeddable":true,"href":"https:\/\/irankiuzona.lt\/ru\/wp-json\/wp\/v2\/product_tag?post=430008"}],"curies":[{"name":"wp","href":"https:\/\/api.w.org\/{rel}","templated":true}]}}