{"id":430017,"date":"2026-02-10T21:55:33","date_gmt":"2026-02-10T21:55:33","guid":{"rendered":"https:\/\/irankiuzona.lt\/product\/tentas-1015m-2\/"},"modified":"2026-04-21T17:01:23","modified_gmt":"2026-04-21T17:01:23","slug":"tentas-1015m-2","status":"publish","type":"product","link":"https:\/\/irankiuzona.lt\/ru\/product\/tentas-1015m-2\/","title":{"rendered":"Tentas 10*15m"},"content":{"rendered":"<p>Brezentas 10 x 15 m, 50 g\/m\u00b2 Skirtas laikinai u\u017edengti ir pritvirtinti daiktus (viduje ir lauke). Sustiprintas PP kra\u0161tas, kas 1 m i\u0161d\u0117stytos aliuminio kilpel\u0117s.<\/p>","protected":false},"excerpt":{"rendered":"<p>Jufisto brezentas 10 x 15 m, 50 g\/m2, m\u0117lynas<\/p>","protected":false},"featured_media":430019,"comment_status":"open","ping_status":"closed","template":"","meta":[],"product_cat":[9998],"product_tag":[9716],"class_list":{"0":"post-430017","1":"product","2":"type-product","3":"status-publish","4":"has-post-thumbnail","6":"product_brand-jufisto-lenkija","7":"product_cat-patalpu-remonto-irankiai-maisai-tentai-peiliukai-markeriai-izoliacines-juostos","8":"product_tag-jufisto-lenkija","10":"first","11":"instock","12":"purchasable","13":"product-type-simple"},"jetpack_sharing_enabled":true,"_links":{"self":[{"href":"https:\/\/irankiuzona.lt\/ru\/wp-json\/wp\/v2\/product\/430017","targetHints":{"allow":["GET"]}}],"collection":[{"href":"https:\/\/irankiuzona.lt\/ru\/wp-json\/wp\/v2\/product"}],"about":[{"href":"https:\/\/irankiuzona.lt\/ru\/wp-json\/wp\/v2\/types\/product"}],"replies":[{"embeddable":true,"href":"https:\/\/irankiuzona.lt\/ru\/wp-json\/wp\/v2\/comments?post=430017"}],"version-history":[{"count":1,"href":"https:\/\/irankiuzona.lt\/ru\/wp-json\/wp\/v2\/product\/430017\/revisions"}],"predecessor-version":[{"id":430018,"href":"https:\/\/irankiuzona.lt\/ru\/wp-json\/wp\/v2\/product\/430017\/revisions\/430018"}],"wp:featuredmedia":[{"embeddable":true,"href":"https:\/\/irankiuzona.lt\/ru\/wp-json\/wp\/v2\/media\/430019"}],"wp:attachment":[{"href":"https:\/\/irankiuzona.lt\/ru\/wp-json\/wp\/v2\/media?parent=430017"}],"wp:term":[{"taxonomy":"product_cat","embeddable":true,"href":"https:\/\/irankiuzona.lt\/ru\/wp-json\/wp\/v2\/product_cat?post=430017"},{"taxonomy":"product_tag","embeddable":true,"href":"https:\/\/irankiuzona.lt\/ru\/wp-json\/wp\/v2\/product_tag?post=430017"}],"curies":[{"name":"wp","href":"https:\/\/api.w.org\/{rel}","templated":true}]}}