{"id":430020,"date":"2026-02-10T21:55:37","date_gmt":"2026-02-10T21:55:37","guid":{"rendered":"https:\/\/irankiuzona.lt\/product\/akumuliatorinis-smuginis-verzliasukis-900nm\/"},"modified":"2026-04-21T17:01:23","modified_gmt":"2026-04-21T17:01:23","slug":"akumuliatorinis-smuginis-verzliasukis-900nm","status":"publish","type":"product","link":"https:\/\/irankiuzona.lt\/ru\/product\/akumuliatorinis-smuginis-verzliasukis-900nm\/","title":{"rendered":"Akumuliatorinis sm\u016bginis ver\u017eliasukis 900Nm"},"content":{"rendered":"<p>+ 4 grei\u010di\u0173 galios pasirinkimas u\u017etikrina tiksl\u0173 tvirtinimo valdym\u0105.+ Atbulin\u0117s eigos laisvo stabdymo re\u017eimas.+ Be \u012frankio svoris tik 1,1 kg.<\/p>","protected":false},"excerpt":{"rendered":"<p>Akumuliatorinis sm\u016bginis ver\u017eliasukis 900Nm Be Akm.<\/p>","protected":false},"featured_media":430022,"comment_status":"open","ping_status":"open","template":"","meta":[],"product_cat":[10114],"product_tag":[9875],"class_list":{"0":"post-430020","1":"product","2":"type-product","3":"status-publish","4":"has-post-thumbnail","6":"product_brand-mighty-seven-m7","7":"product_cat-1-2-smuginiai-akumuliatoriniai-verzliasukiai","8":"product_tag-mighty-seven-m7","10":"first","11":"outofstock","12":"purchasable","13":"product-type-simple"},"jetpack_sharing_enabled":true,"_links":{"self":[{"href":"https:\/\/irankiuzona.lt\/ru\/wp-json\/wp\/v2\/product\/430020","targetHints":{"allow":["GET"]}}],"collection":[{"href":"https:\/\/irankiuzona.lt\/ru\/wp-json\/wp\/v2\/product"}],"about":[{"href":"https:\/\/irankiuzona.lt\/ru\/wp-json\/wp\/v2\/types\/product"}],"replies":[{"embeddable":true,"href":"https:\/\/irankiuzona.lt\/ru\/wp-json\/wp\/v2\/comments?post=430020"}],"version-history":[{"count":1,"href":"https:\/\/irankiuzona.lt\/ru\/wp-json\/wp\/v2\/product\/430020\/revisions"}],"predecessor-version":[{"id":430021,"href":"https:\/\/irankiuzona.lt\/ru\/wp-json\/wp\/v2\/product\/430020\/revisions\/430021"}],"wp:featuredmedia":[{"embeddable":true,"href":"https:\/\/irankiuzona.lt\/ru\/wp-json\/wp\/v2\/media\/430022"}],"wp:attachment":[{"href":"https:\/\/irankiuzona.lt\/ru\/wp-json\/wp\/v2\/media?parent=430020"}],"wp:term":[{"taxonomy":"product_cat","embeddable":true,"href":"https:\/\/irankiuzona.lt\/ru\/wp-json\/wp\/v2\/product_cat?post=430020"},{"taxonomy":"product_tag","embeddable":true,"href":"https:\/\/irankiuzona.lt\/ru\/wp-json\/wp\/v2\/product_tag?post=430020"}],"curies":[{"name":"wp","href":"https:\/\/api.w.org\/{rel}","templated":true}]}}