{"id":430023,"date":"2026-02-10T21:55:40","date_gmt":"2026-02-10T21:55:40","guid":{"rendered":"https:\/\/irankiuzona.lt\/product\/galvute-smugine-3-4-45mm-jcb\/"},"modified":"2026-04-21T21:07:01","modified_gmt":"2026-04-21T21:07:01","slug":"galvute-smugine-3-4-45mm-jcb","status":"publish","type":"product","link":"https:\/\/irankiuzona.lt\/ru\/product\/galvute-smugine-3-4-45mm-jcb\/","title":{"rendered":"Galvut\u0117 sm\u016bgin\u0117 3\/4 45mm JCB"},"content":{"rendered":"","protected":false},"excerpt":{"rendered":"<p>Sm\u016bgin\u0117 galvut\u0117 45 mm (6 K.), 3\/4&#8221;<\/p>","protected":false},"featured_media":430025,"comment_status":"open","ping_status":"closed","template":"","meta":[],"product_cat":[9792],"product_tag":[10143],"class_list":{"0":"post-430023","1":"product","2":"type-product","3":"status-publish","4":"has-post-thumbnail","6":"product_brand-jcb","7":"product_cat-3-4-20-mm-trumpos-smugines-sesiakampes-galvutes","8":"product_tag-jcb","10":"first","11":"instock","12":"purchasable","13":"product-type-simple"},"jetpack_sharing_enabled":true,"_links":{"self":[{"href":"https:\/\/irankiuzona.lt\/ru\/wp-json\/wp\/v2\/product\/430023","targetHints":{"allow":["GET"]}}],"collection":[{"href":"https:\/\/irankiuzona.lt\/ru\/wp-json\/wp\/v2\/product"}],"about":[{"href":"https:\/\/irankiuzona.lt\/ru\/wp-json\/wp\/v2\/types\/product"}],"replies":[{"embeddable":true,"href":"https:\/\/irankiuzona.lt\/ru\/wp-json\/wp\/v2\/comments?post=430023"}],"version-history":[{"count":1,"href":"https:\/\/irankiuzona.lt\/ru\/wp-json\/wp\/v2\/product\/430023\/revisions"}],"predecessor-version":[{"id":430024,"href":"https:\/\/irankiuzona.lt\/ru\/wp-json\/wp\/v2\/product\/430023\/revisions\/430024"}],"wp:featuredmedia":[{"embeddable":true,"href":"https:\/\/irankiuzona.lt\/ru\/wp-json\/wp\/v2\/media\/430025"}],"wp:attachment":[{"href":"https:\/\/irankiuzona.lt\/ru\/wp-json\/wp\/v2\/media?parent=430023"}],"wp:term":[{"taxonomy":"product_cat","embeddable":true,"href":"https:\/\/irankiuzona.lt\/ru\/wp-json\/wp\/v2\/product_cat?post=430023"},{"taxonomy":"product_tag","embeddable":true,"href":"https:\/\/irankiuzona.lt\/ru\/wp-json\/wp\/v2\/product_tag?post=430023"}],"curies":[{"name":"wp","href":"https:\/\/api.w.org\/{rel}","templated":true}]}}