{"id":430032,"date":"2026-02-10T21:55:54","date_gmt":"2026-02-10T21:55:54","guid":{"rendered":"https:\/\/irankiuzona.lt\/product\/pneum-pjovimo-slifavimo-masinele-75mm\/"},"modified":"2026-05-15T04:26:25","modified_gmt":"2026-05-15T04:26:25","slug":"pneum-pjovimo-slifavimo-masinele-75mm","status":"publish","type":"product","link":"https:\/\/irankiuzona.lt\/ru\/product\/pneum-pjovimo-slifavimo-masinele-75mm\/","title":{"rendered":"Pneum. pjovimo-\u0161lifavimo ma\u0161in\u0117l\u0117 75mm"},"content":{"rendered":"<p>Lengvas dizainas pagamintas i\u0161 kompozicini\u0173 med\u017eiag\u0173.<br \/>\nDidelis patikimumas ir nepertraukiamas veikimas.<br \/>\nTiksliai apdirbtas 0,3 AG oro variklis.<br \/>\nMinimalistinis korpuso dizainas idealiai tinka darbui ank\u0161tose erdv\u0117se.<br \/>\nSvirtis su apsauginiu u\u017eraktu apsaugo nuo atsitiktinio paleidimo.<br \/>\nMa\u017ea vibracija, ma\u017eas triuk\u0161mas, pagerina darbo s\u0105lygas.<\/p>","protected":false},"excerpt":{"rendered":"<p>Mini pjovimo \u012frankis \/ kampinis \u0161lifuoklis<\/p>","protected":false},"featured_media":430034,"comment_status":"open","ping_status":"closed","template":"","meta":[],"product_cat":[9637],"product_tag":[9875],"class_list":{"0":"post-430032","1":"product","2":"type-product","3":"status-publish","4":"has-post-thumbnail","6":"product_brand-mighty-seven-m7","7":"product_cat-pneumatiniai-pjuklai-pjovikliai","8":"product_tag-mighty-seven-m7","10":"first","11":"instock","12":"purchasable","13":"product-type-simple"},"jetpack_sharing_enabled":true,"_links":{"self":[{"href":"https:\/\/irankiuzona.lt\/ru\/wp-json\/wp\/v2\/product\/430032","targetHints":{"allow":["GET"]}}],"collection":[{"href":"https:\/\/irankiuzona.lt\/ru\/wp-json\/wp\/v2\/product"}],"about":[{"href":"https:\/\/irankiuzona.lt\/ru\/wp-json\/wp\/v2\/types\/product"}],"replies":[{"embeddable":true,"href":"https:\/\/irankiuzona.lt\/ru\/wp-json\/wp\/v2\/comments?post=430032"}],"version-history":[{"count":2,"href":"https:\/\/irankiuzona.lt\/ru\/wp-json\/wp\/v2\/product\/430032\/revisions"}],"predecessor-version":[{"id":430035,"href":"https:\/\/irankiuzona.lt\/ru\/wp-json\/wp\/v2\/product\/430032\/revisions\/430035"}],"wp:featuredmedia":[{"embeddable":true,"href":"https:\/\/irankiuzona.lt\/ru\/wp-json\/wp\/v2\/media\/430034"}],"wp:attachment":[{"href":"https:\/\/irankiuzona.lt\/ru\/wp-json\/wp\/v2\/media?parent=430032"}],"wp:term":[{"taxonomy":"product_cat","embeddable":true,"href":"https:\/\/irankiuzona.lt\/ru\/wp-json\/wp\/v2\/product_cat?post=430032"},{"taxonomy":"product_tag","embeddable":true,"href":"https:\/\/irankiuzona.lt\/ru\/wp-json\/wp\/v2\/product_tag?post=430032"}],"curies":[{"name":"wp","href":"https:\/\/api.w.org\/{rel}","templated":true}]}}