{"id":430151,"date":"2026-02-13T23:40:53","date_gmt":"2026-02-13T23:40:53","guid":{"rendered":"https:\/\/irankiuzona.lt\/product\/sandeliavimo-lentyna-iki-175kg\/"},"modified":"2026-04-05T00:03:21","modified_gmt":"2026-04-05T00:03:21","slug":"sandeliavimo-lentyna-iki-175kg","status":"publish","type":"product","link":"https:\/\/irankiuzona.lt\/ru\/product\/sandeliavimo-lentyna-iki-175kg\/","title":{"rendered":"Sand\u0117liavimo lentyna iki 175kg"},"content":{"rendered":"<p>Tvirtas ir prakti\u0161kas sand\u0117liavimo stela\u017eas, idealiai tinkantis \u012frankiams, med\u017eiagoms ir gaminiams laikyti dirbtuv\u0117se, r\u016bsiuose, gara\u017euose ar sand\u0117liuose.<br \/>\nPatvari plienin\u0117 konstrukcija u\u017etikrina stabilum\u0105 ir didel\u0119 keliam\u0105j\u0105 gali\u0105, o MDF lentynos \u2013 ilgaam\u017ei\u0161kum\u0105 ir keliam\u0105j\u0105 gali\u0105.<br \/>\n Technin\u0117s specifikacijos:<br \/>\nAuk\u0161tis: apie 180 cm<br \/>\nPlotis: apie 90 cm<br \/>\nGylis: apie 40 cm<br \/>\n Lentyn\u0173 skai\u010dius:<br \/>\n5 Lentyn\u0173 med\u017eiaga:<br \/>\n MDF Konstrukcija: milteliniu b\u016bdu da\u017eytas plienas Maksimali lentynos apkrova: iki 175 kg<br \/>\nPrivalumai:<br \/>\n Greitas ir paprastas surinkimas be var\u017et\u0173 (\u012fspaud\u017eiama sistema)<br \/>\n Reguliuojamas lentyn\u0173 auk\u0161tis<br \/>\nAtsparumas dr\u0117gmei ir korozijai<br \/>\nTvirta konstrukcija, idealiai tinka intensyviam naudojimui<\/p>","protected":false},"excerpt":{"rendered":"<p>Sand\u0117lio stela\u017eas 90 x 40 x 180 cm, 175 kg, metalinis, cinkuotas<\/p>","protected":false},"featured_media":430153,"comment_status":"open","ping_status":"open","template":"","meta":[],"product_cat":[9874],"product_tag":[9646],"class_list":{"0":"post-430151","1":"product","2":"type-product","3":"status-publish","4":"has-post-thumbnail","6":"product_brand-drel-lenkija","7":"product_cat-spinteles-stalvirsiai-perforuotos-sieneles","8":"product_tag-drel-lenkija","10":"first","11":"outofstock","12":"purchasable","13":"product-type-simple"},"jetpack_sharing_enabled":true,"_links":{"self":[{"href":"https:\/\/irankiuzona.lt\/ru\/wp-json\/wp\/v2\/product\/430151","targetHints":{"allow":["GET"]}}],"collection":[{"href":"https:\/\/irankiuzona.lt\/ru\/wp-json\/wp\/v2\/product"}],"about":[{"href":"https:\/\/irankiuzona.lt\/ru\/wp-json\/wp\/v2\/types\/product"}],"replies":[{"embeddable":true,"href":"https:\/\/irankiuzona.lt\/ru\/wp-json\/wp\/v2\/comments?post=430151"}],"version-history":[{"count":0,"href":"https:\/\/irankiuzona.lt\/ru\/wp-json\/wp\/v2\/product\/430151\/revisions"}],"wp:featuredmedia":[{"embeddable":true,"href":"https:\/\/irankiuzona.lt\/ru\/wp-json\/wp\/v2\/media\/430153"}],"wp:attachment":[{"href":"https:\/\/irankiuzona.lt\/ru\/wp-json\/wp\/v2\/media?parent=430151"}],"wp:term":[{"taxonomy":"product_cat","embeddable":true,"href":"https:\/\/irankiuzona.lt\/ru\/wp-json\/wp\/v2\/product_cat?post=430151"},{"taxonomy":"product_tag","embeddable":true,"href":"https:\/\/irankiuzona.lt\/ru\/wp-json\/wp\/v2\/product_tag?post=430151"}],"curies":[{"name":"wp","href":"https:\/\/api.w.org\/{rel}","templated":true}]}}