{"id":430157,"date":"2026-02-13T23:41:04","date_gmt":"2026-02-13T23:41:04","guid":{"rendered":"https:\/\/irankiuzona.lt\/product\/poliravimo-diskas-ziedlapinis-125mm\/"},"modified":"2026-04-19T18:11:18","modified_gmt":"2026-04-19T18:11:18","slug":"poliravimo-diskas-ziedlapinis-125mm","status":"publish","type":"product","link":"https:\/\/irankiuzona.lt\/ru\/product\/poliravimo-diskas-ziedlapinis-125mm\/","title":{"rendered":"Poliravimo diskas \u017eiedlapinis 125mm"},"content":{"rendered":"<p>D\u0117l mink\u0161tos veltinio strukt\u016bros diskas \u0161velniai ir tolygiai paskirsto poliravimo pastas, u\u017etikrindamas lyg\u0173 ir blizgant\u012f pavir\u0161i\u0173. Jis tinka apdirbti \u012fvairias med\u017eiagas, \u012fskaitant metalus (pvz., aliumin\u012f, ner\u016bdijant\u012f plien\u0105), plastik\u0105, medien\u0105 ir net akmen\u012f. Veltinys gerai toleruoja trint\u012f ir kar\u0161t\u012f, tod\u0117l idealiai tinka intensyviam poliravimui. Mink\u0161ta strukt\u016bra suma\u017eina jautri\u0173 pavir\u0161i\u0173 subrai\u017eymo rizik\u0105. Veltinio disko panaudojimas: Automobili\u0173 pramon\u0117 \u2013 Da\u017eyt\u0173 pavir\u0161i\u0173 poliravimas, nedideli\u0173 \u012fbr\u0117\u017eim\u0173 \u0161alinimas, ratlanki\u0173 ir chromuot\u0173 detali\u0173 poliravimas. Juvelyrini\u0173 dirbini\u0173 gamyba \u2013 Tauri\u0173j\u0173 metal\u0173 (sidabro, aukso) galutinis lyginimas ir poliravimas. Metalo apdirbimas \u2013 Ner\u016bdijan\u010dio plieno, aliuminio ir \u017ealvario pavir\u0161iaus apdaila. Med\u017eio apdirbimas \u2013 Bald\u0173, grind\u0173 ir dekoratyvini\u0173 element\u0173 poliravimas. Atnaujinimas \u2013 Sen\u0173 daikt\u0173 (pvz., r\u0117m\u0173, stalo \u012franki\u0173, muzikos instrument\u0173) blizgesio atk\u016brimas. Modeli\u0173 gamyba \u2013 Smulki\u0173 detali\u0173 i\u0161 plastiko ir metalo apdaila.<\/p>","protected":false},"excerpt":{"rendered":"<p>Veltinio poliravimo diskas, 125&#215;22,23&#215;5, plok\u0161telinis<\/p>","protected":false},"featured_media":430159,"comment_status":"open","ping_status":"open","template":"","meta":[],"product_cat":[9836],"product_tag":[9646],"class_list":{"0":"post-430157","1":"product","2":"type-product","3":"status-publish","4":"has-post-thumbnail","6":"product_brand-drel-lenkija","7":"product_cat-poliravimo-antgaliai","8":"product_tag-drel-lenkija","10":"first","11":"instock","12":"purchasable","13":"product-type-simple"},"jetpack_sharing_enabled":true,"_links":{"self":[{"href":"https:\/\/irankiuzona.lt\/ru\/wp-json\/wp\/v2\/product\/430157","targetHints":{"allow":["GET"]}}],"collection":[{"href":"https:\/\/irankiuzona.lt\/ru\/wp-json\/wp\/v2\/product"}],"about":[{"href":"https:\/\/irankiuzona.lt\/ru\/wp-json\/wp\/v2\/types\/product"}],"replies":[{"embeddable":true,"href":"https:\/\/irankiuzona.lt\/ru\/wp-json\/wp\/v2\/comments?post=430157"}],"version-history":[{"count":1,"href":"https:\/\/irankiuzona.lt\/ru\/wp-json\/wp\/v2\/product\/430157\/revisions"}],"predecessor-version":[{"id":430158,"href":"https:\/\/irankiuzona.lt\/ru\/wp-json\/wp\/v2\/product\/430157\/revisions\/430158"}],"wp:featuredmedia":[{"embeddable":true,"href":"https:\/\/irankiuzona.lt\/ru\/wp-json\/wp\/v2\/media\/430159"}],"wp:attachment":[{"href":"https:\/\/irankiuzona.lt\/ru\/wp-json\/wp\/v2\/media?parent=430157"}],"wp:term":[{"taxonomy":"product_cat","embeddable":true,"href":"https:\/\/irankiuzona.lt\/ru\/wp-json\/wp\/v2\/product_cat?post=430157"},{"taxonomy":"product_tag","embeddable":true,"href":"https:\/\/irankiuzona.lt\/ru\/wp-json\/wp\/v2\/product_tag?post=430157"}],"curies":[{"name":"wp","href":"https:\/\/api.w.org\/{rel}","templated":true}]}}