{"id":430160,"date":"2026-02-13T23:41:14","date_gmt":"2026-02-13T23:41:14","guid":{"rendered":"https:\/\/irankiuzona.lt\/product\/precizinai-atsuktuvaiantgaliai110vnt\/"},"modified":"2026-04-19T16:39:24","modified_gmt":"2026-04-19T16:39:24","slug":"precizinai-atsuktuvaiantgaliai110vnt","status":"publish","type":"product","link":"https:\/\/irankiuzona.lt\/ru\/product\/precizinai-atsuktuvaiantgaliai110vnt\/","title":{"rendered":"Precizinai atsuktuvai+antgaliai110vnt"},"content":{"rendered":"<p>B\u016btinas daiktas bet kurioje GSM, asmenini\u0173 kompiuteri\u0173 ar kitos smulkios elektronikos remonto dirbtuv\u0117je.<br \/>\nNepakei\u010diamas produktas kiekvienuose namuose. Rinkin\u012f sudaro dvipus\u0117 d\u0117\u017eut\u0117. Pirmoje pus\u0117je yra \u012fvairi\u0173 form\u0173 ir dyd\u017ei\u0173 plastikini\u0173 atidarytuv\u0173 rinkinys, rankena su trimis prailginimais, pincetas ir kiti priedai. Antroje pus\u0117je yra CR-V plienini\u0173 antgali\u0173 rinkinys, trikampiai atidarytuvai ir magnetizatorius.<br \/>\nD\u0117\u017eut\u0117 leid\u017eia lengvai transportuoti ir u\u017etikrina tvark\u0105. Kiekvienas skyrius turi savo paskirt\u012f, o antgali\u0173 angos yra pa\u017eenklintos. Atsuktuvas su antgaliais Lankstus prailginimas Pincetas Reguliuojamas prailginimas<br \/>\nTrumpas prailginimas 3 plastikiniai atidarytuvai Siurbimo taurel\u0117 SIM kortel\u0117s raktas 16 Torx antgali\u0173:<br \/>\n 2x T1, 2x T2, 2x T3, 2x T4, 2x T5, \u200b\u200b\u200b\u200b2x T8, 2x T10, 2x T15 8<br \/>\nTorx antgaliai su skylute: 2x T6H, 2x T7H, 2x T9H, 2x T20H 23<br \/>\n\u0160e\u0161iakampiai antgaliai: 2x H0.7, 2x H0.9, 2x H1.0, 2x H1.3, 2x H1.5, 2x H2.0, 2x H2.5, 2x H3.0, 2x H3.5, 2x H4.0, 1x 1\/16&quot;, 1x 5\/64&quot;, 1x 3\/32&quot;<br \/>\n14 vnt. plok\u0161\u010di\u0173 antgali\u0173: 2x 1,0, 2x 1,5, 2x 2,0, 2x 2,5, 2x 3,0, 2x 3,5, 2x 4,0 10 vnt.<br \/>\n\u201ePhillips\u201c antgali\u0173:<br \/>\n2x PH0000, 2x PH000, 2x PH0, 2x PH0, 1x PH1, 1x PH2 2 vnt. dvikampi\u0173 antgali\u0173: 1x U 2,3, 1x U2,6 3 vnt. kvadratini\u0173 antgali\u0173: 1x S0, 1x S1, 1x S3 3 vnt.<br \/>\n\u201ePozidriv\u201c antgali\u0173: 1x PZ0, 1x PZ1, 1x PZ2 4 vnt. trikampi\u0173 antgali\u0173: 1x 2,0, 1x 2,3, 1x 3,0, 1 vnt. apvali\u0173 antgali\u0173: 0,8 1 vnt.<br \/>\n\u201ePhillips\u201c antgali\u0173 \u012fgilinamiesiems sriegiams: 2,5 2 vnt. penkiakampi\u0173 \u017evaig\u017ed\u0117s formos antgali\u0173: 1x 0,8, 1x 1,2 4 vnt.<br \/>\n\u201eMicrostix\u201c antgali\u0173: 1x, 0,6 1x 1,5, 1x 2,0, 1x 2,5 1 vnt. \u012fgaubto<br \/>\n\u201ePhillips\u201c antgalio: 2,0 8 vnt. lizdini\u0173 antgali\u0173: 1x 2,0, 1x 2,5, 1x 3,0 1x 3,5, 1x 4,0, 1x 4,5, 1x 5,0, 1x 5,5 6 vnt. plastikini\u0173 trikampi\u0173 atidarytuv\u0173<br \/>\n Magnetizatorius\/Demagnetizatorius<\/p>","protected":false},"excerpt":{"rendered":"<p>115 dali\u0173 CR-V tiksli\u0173j\u0173 atsuktuv\u0173 rinkinys<\/p>","protected":false},"featured_media":430162,"comment_status":"open","ping_status":"open","template":"","meta":[],"product_cat":[10044],"product_tag":[10162],"class_list":{"0":"post-430160","1":"product","2":"type-product","3":"status-publish","4":"has-post-thumbnail","6":"product_brand-waart-lenkija","7":"product_cat-preciziniai-atsuktuvai-mazi-dydziai","8":"product_tag-waart-lenkija","10":"first","11":"outofstock","12":"purchasable","13":"product-type-simple"},"jetpack_sharing_enabled":true,"_links":{"self":[{"href":"https:\/\/irankiuzona.lt\/ru\/wp-json\/wp\/v2\/product\/430160","targetHints":{"allow":["GET"]}}],"collection":[{"href":"https:\/\/irankiuzona.lt\/ru\/wp-json\/wp\/v2\/product"}],"about":[{"href":"https:\/\/irankiuzona.lt\/ru\/wp-json\/wp\/v2\/types\/product"}],"replies":[{"embeddable":true,"href":"https:\/\/irankiuzona.lt\/ru\/wp-json\/wp\/v2\/comments?post=430160"}],"version-history":[{"count":1,"href":"https:\/\/irankiuzona.lt\/ru\/wp-json\/wp\/v2\/product\/430160\/revisions"}],"predecessor-version":[{"id":430161,"href":"https:\/\/irankiuzona.lt\/ru\/wp-json\/wp\/v2\/product\/430160\/revisions\/430161"}],"wp:featuredmedia":[{"embeddable":true,"href":"https:\/\/irankiuzona.lt\/ru\/wp-json\/wp\/v2\/media\/430162"}],"wp:attachment":[{"href":"https:\/\/irankiuzona.lt\/ru\/wp-json\/wp\/v2\/media?parent=430160"}],"wp:term":[{"taxonomy":"product_cat","embeddable":true,"href":"https:\/\/irankiuzona.lt\/ru\/wp-json\/wp\/v2\/product_cat?post=430160"},{"taxonomy":"product_tag","embeddable":true,"href":"https:\/\/irankiuzona.lt\/ru\/wp-json\/wp\/v2\/product_tag?post=430160"}],"curies":[{"name":"wp","href":"https:\/\/api.w.org\/{rel}","templated":true}]}}