{"id":430163,"date":"2026-02-13T23:41:22","date_gmt":"2026-02-13T23:41:22","guid":{"rendered":"https:\/\/irankiuzona.lt\/product\/kabliuku-gramdikliu-k-tas-9vnt\/"},"modified":"2026-04-19T18:11:18","modified_gmt":"2026-04-19T18:11:18","slug":"kabliuku-gramdikliu-k-tas-9vnt","status":"publish","type":"product","link":"https:\/\/irankiuzona.lt\/ru\/product\/kabliuku-gramdikliu-k-tas-9vnt\/","title":{"rendered":"Kabliuk\u0173 gramdikli\u0173 k-tas 9vnt"},"content":{"rendered":"<p>Kabliuk\u0173 su rankena rinkinys. Kabliukai turi gr\u016bdintus ir chromuotus antgalius.<br \/>\nRankena pagaminta i\u0161 auk\u0161tos kokyb\u0117s, neslystan\u010dios med\u017eiagos.<br \/>\n\u0160is rinkinys naudojamas tiksliems darbams, tokiems kaip metalini\u0173, medini\u0173 ir plastikini\u0173 komponent\u0173 i\u0161kalimas, traukimas ir atskyrimas, taip pat pradurimas ir st\u016bmimas vietose, nepasiekiamose kitais \u012frankiais.<br \/>\n\u0160is rinkinys rekomenduojamas darbui automobili\u0173, mechanikos, aptarnavimo ir statyb\u0173 pramon\u0117je.<\/p>","protected":false},"excerpt":{"rendered":"<p>Kabliuk\u0173 ir spaustuk\u0173 rinkinys, 9 vnt<\/p>","protected":false},"featured_media":430165,"comment_status":"open","ping_status":"open","template":"","meta":[],"product_cat":[9529],"product_tag":[9646],"class_list":{"0":"post-430163","1":"product","2":"type-product","3":"status-publish","4":"has-post-thumbnail","6":"product_brand-drel-lenkija","7":"product_cat-irankiai-apdailos-ardymui","8":"product_tag-drel-lenkija","10":"first","11":"instock","12":"purchasable","13":"product-type-simple"},"jetpack_sharing_enabled":true,"_links":{"self":[{"href":"https:\/\/irankiuzona.lt\/ru\/wp-json\/wp\/v2\/product\/430163","targetHints":{"allow":["GET"]}}],"collection":[{"href":"https:\/\/irankiuzona.lt\/ru\/wp-json\/wp\/v2\/product"}],"about":[{"href":"https:\/\/irankiuzona.lt\/ru\/wp-json\/wp\/v2\/types\/product"}],"replies":[{"embeddable":true,"href":"https:\/\/irankiuzona.lt\/ru\/wp-json\/wp\/v2\/comments?post=430163"}],"version-history":[{"count":1,"href":"https:\/\/irankiuzona.lt\/ru\/wp-json\/wp\/v2\/product\/430163\/revisions"}],"predecessor-version":[{"id":430164,"href":"https:\/\/irankiuzona.lt\/ru\/wp-json\/wp\/v2\/product\/430163\/revisions\/430164"}],"wp:featuredmedia":[{"embeddable":true,"href":"https:\/\/irankiuzona.lt\/ru\/wp-json\/wp\/v2\/media\/430165"}],"wp:attachment":[{"href":"https:\/\/irankiuzona.lt\/ru\/wp-json\/wp\/v2\/media?parent=430163"}],"wp:term":[{"taxonomy":"product_cat","embeddable":true,"href":"https:\/\/irankiuzona.lt\/ru\/wp-json\/wp\/v2\/product_cat?post=430163"},{"taxonomy":"product_tag","embeddable":true,"href":"https:\/\/irankiuzona.lt\/ru\/wp-json\/wp\/v2\/product_tag?post=430163"}],"curies":[{"name":"wp","href":"https:\/\/api.w.org\/{rel}","templated":true}]}}