{"id":430169,"date":"2026-02-13T23:41:57","date_gmt":"2026-02-13T23:41:57","guid":{"rendered":"https:\/\/irankiuzona.lt\/product\/klipsu-ardiklis-spyruokliniams-klipsams\/"},"modified":"2026-04-19T22:19:39","modified_gmt":"2026-04-19T22:19:39","slug":"klipsu-ardiklis-spyruokliniams-klipsams","status":"publish","type":"product","link":"https:\/\/irankiuzona.lt\/ru\/product\/klipsu-ardiklis-spyruokliniams-klipsams\/","title":{"rendered":"Klips\u0173 ardiklis spyruokliniams klipsams"},"content":{"rendered":"<p>AUDI, BMW, MERCEDES, PORSCHE, SEAT, SKODA, TESLA, VOLKSWAGEN<\/p>","protected":false},"excerpt":{"rendered":"<p>Spyruoklini\u0173 plienini\u0173 spaustuk\u0173 nu\u0117miklis (Omega formos)<\/p>","protected":false},"featured_media":430171,"comment_status":"open","ping_status":"open","template":"","meta":[],"product_cat":[9529],"product_tag":[9462],"class_list":{"0":"post-430169","1":"product","2":"type-product","3":"status-publish","4":"has-post-thumbnail","6":"product_brand-condor-werkzeug-vokietija","7":"product_cat-irankiai-apdailos-ardymui","8":"product_tag-condor-werkzeug-vokietija","10":"first","11":"outofstock","12":"purchasable","13":"product-type-simple"},"jetpack_sharing_enabled":true,"_links":{"self":[{"href":"https:\/\/irankiuzona.lt\/ru\/wp-json\/wp\/v2\/product\/430169","targetHints":{"allow":["GET"]}}],"collection":[{"href":"https:\/\/irankiuzona.lt\/ru\/wp-json\/wp\/v2\/product"}],"about":[{"href":"https:\/\/irankiuzona.lt\/ru\/wp-json\/wp\/v2\/types\/product"}],"replies":[{"embeddable":true,"href":"https:\/\/irankiuzona.lt\/ru\/wp-json\/wp\/v2\/comments?post=430169"}],"version-history":[{"count":1,"href":"https:\/\/irankiuzona.lt\/ru\/wp-json\/wp\/v2\/product\/430169\/revisions"}],"predecessor-version":[{"id":430170,"href":"https:\/\/irankiuzona.lt\/ru\/wp-json\/wp\/v2\/product\/430169\/revisions\/430170"}],"wp:featuredmedia":[{"embeddable":true,"href":"https:\/\/irankiuzona.lt\/ru\/wp-json\/wp\/v2\/media\/430171"}],"wp:attachment":[{"href":"https:\/\/irankiuzona.lt\/ru\/wp-json\/wp\/v2\/media?parent=430169"}],"wp:term":[{"taxonomy":"product_cat","embeddable":true,"href":"https:\/\/irankiuzona.lt\/ru\/wp-json\/wp\/v2\/product_cat?post=430169"},{"taxonomy":"product_tag","embeddable":true,"href":"https:\/\/irankiuzona.lt\/ru\/wp-json\/wp\/v2\/product_tag?post=430169"}],"curies":[{"name":"wp","href":"https:\/\/api.w.org\/{rel}","templated":true}]}}