{"id":430247,"date":"2026-02-20T02:14:40","date_gmt":"2026-02-20T02:14:40","guid":{"rendered":"https:\/\/irankiuzona.lt\/product\/stabdziu-skystis-dot-4-mannol\/"},"modified":"2026-05-16T07:24:55","modified_gmt":"2026-05-16T07:24:55","slug":"stabdziu-skystis-dot-4-mannol","status":"publish","type":"product","link":"https:\/\/irankiuzona.lt\/ru\/product\/stabdziu-skystis-dot-4-mannol\/","title":{"rendered":"Stabd\u017ei\u0173 skystis DOT-4 MANNOL"},"content":{"rendered":"<p>Sintetinis stabd\u017ei\u0173 skystis, pagamintas i\u0161 poliglikoli\u0173 ir esteri\u0173, turintis korozijos ir oksidacijos inhibitori\u0173Skirtas vis\u0173 tradicini\u0173 stabd\u017ei\u0173 ir sankab\u0173 hidraulin\u0117ms sistemomsProdukto savyb\u0117s:Sud\u0117tyje yra boro r\u016bg\u0161ties, kuri visi\u0161kai neutralizuoja vandens kondensat\u0105U\u017etikrina patikim\u0105 stabd\u017ei\u0173 sistemos veikim\u0105 esant bet kokiai aplinkos temperat\u016brai d\u0117l padid\u0117jusios virimo temperat\u016bros (>245 \u00b0C) ir puiki\u0173 savybi\u0173 \u017eemoje temperat\u016broje (iki -40 \u00b0C).Turi auk\u0161\u010diausi\u0105 chemin\u012f ir termin\u012f stabilum\u0105Si\u016blo puikias tepimo ir klampumo bei temperat\u016bros savybesNeutralizuoja gar\u0173 burbuliuk\u0173 susidarym\u0105Suderinamas su elastomeraisVisi\u0161kai neaktyvus stabd\u017ei\u0173 sistemos dalimsAgresyvus da\u017eams!Spalva: bespalv\u0117 \/ \u0161viesiai rudaRekomendacija:SAE J1703 \/ J1704ISO 4925FMVSS 116 DOT 4JIS JAPAN K2233\u00a0<\/p>","protected":false},"excerpt":{"rendered":"<p>Stabd\u017ei\u0173 skystis MANNOL DOT-4 1l<\/p>","protected":false},"featured_media":430249,"comment_status":"open","ping_status":"open","template":"","meta":[],"product_cat":[9824],"product_tag":[9845],"class_list":{"0":"post-430247","1":"product","2":"type-product","3":"status-publish","4":"has-post-thumbnail","6":"product_brand-vokietija-germany","7":"product_cat-autochemija","8":"product_tag-vokietija-germany","10":"first","11":"instock","12":"purchasable","13":"product-type-simple"},"jetpack_sharing_enabled":true,"_links":{"self":[{"href":"https:\/\/irankiuzona.lt\/ru\/wp-json\/wp\/v2\/product\/430247","targetHints":{"allow":["GET"]}}],"collection":[{"href":"https:\/\/irankiuzona.lt\/ru\/wp-json\/wp\/v2\/product"}],"about":[{"href":"https:\/\/irankiuzona.lt\/ru\/wp-json\/wp\/v2\/types\/product"}],"replies":[{"embeddable":true,"href":"https:\/\/irankiuzona.lt\/ru\/wp-json\/wp\/v2\/comments?post=430247"}],"version-history":[{"count":1,"href":"https:\/\/irankiuzona.lt\/ru\/wp-json\/wp\/v2\/product\/430247\/revisions"}],"predecessor-version":[{"id":430248,"href":"https:\/\/irankiuzona.lt\/ru\/wp-json\/wp\/v2\/product\/430247\/revisions\/430248"}],"wp:featuredmedia":[{"embeddable":true,"href":"https:\/\/irankiuzona.lt\/ru\/wp-json\/wp\/v2\/media\/430249"}],"wp:attachment":[{"href":"https:\/\/irankiuzona.lt\/ru\/wp-json\/wp\/v2\/media?parent=430247"}],"wp:term":[{"taxonomy":"product_cat","embeddable":true,"href":"https:\/\/irankiuzona.lt\/ru\/wp-json\/wp\/v2\/product_cat?post=430247"},{"taxonomy":"product_tag","embeddable":true,"href":"https:\/\/irankiuzona.lt\/ru\/wp-json\/wp\/v2\/product_tag?post=430247"}],"curies":[{"name":"wp","href":"https:\/\/api.w.org\/{rel}","templated":true}]}}