{"id":430264,"date":"2026-03-03T14:21:26","date_gmt":"2026-03-03T14:21:26","guid":{"rendered":"https:\/\/irankiuzona.lt\/product\/nuemejas-dvikojis-75mm-2\/"},"modified":"2026-05-16T06:51:31","modified_gmt":"2026-05-16T06:51:31","slug":"nuemejas-dvikojis-75mm-2","status":"publish","type":"product","link":"https:\/\/irankiuzona.lt\/ru\/product\/nuemejas-dvikojis-75mm-2\/","title":{"rendered":"Nu\u0117m\u0117jas dvikojis 75mm"},"content":{"rendered":"<p>Koj\u0173 ilgis 75mm<\/p>","protected":false},"excerpt":{"rendered":"<p>Nu\u0117m\u0117jas dvikojis 75mm<\/p>","protected":false},"featured_media":233715,"comment_status":"open","ping_status":"open","template":"","meta":[],"product_cat":[9531],"product_tag":[9898],"class_list":{"0":"post-430264","1":"product","2":"type-product","3":"status-publish","4":"has-post-thumbnail","6":"product_brand-avtodelo","7":"product_cat-dvikojai-nuemejai","8":"product_tag-avtodelo","10":"first","11":"outofstock","12":"purchasable","13":"product-type-simple"},"jetpack_sharing_enabled":true,"_links":{"self":[{"href":"https:\/\/irankiuzona.lt\/ru\/wp-json\/wp\/v2\/product\/430264","targetHints":{"allow":["GET"]}}],"collection":[{"href":"https:\/\/irankiuzona.lt\/ru\/wp-json\/wp\/v2\/product"}],"about":[{"href":"https:\/\/irankiuzona.lt\/ru\/wp-json\/wp\/v2\/types\/product"}],"replies":[{"embeddable":true,"href":"https:\/\/irankiuzona.lt\/ru\/wp-json\/wp\/v2\/comments?post=430264"}],"version-history":[{"count":1,"href":"https:\/\/irankiuzona.lt\/ru\/wp-json\/wp\/v2\/product\/430264\/revisions"}],"predecessor-version":[{"id":430265,"href":"https:\/\/irankiuzona.lt\/ru\/wp-json\/wp\/v2\/product\/430264\/revisions\/430265"}],"wp:featuredmedia":[{"embeddable":true,"href":"https:\/\/irankiuzona.lt\/ru\/wp-json\/wp\/v2\/media\/233715"}],"wp:attachment":[{"href":"https:\/\/irankiuzona.lt\/ru\/wp-json\/wp\/v2\/media?parent=430264"}],"wp:term":[{"taxonomy":"product_cat","embeddable":true,"href":"https:\/\/irankiuzona.lt\/ru\/wp-json\/wp\/v2\/product_cat?post=430264"},{"taxonomy":"product_tag","embeddable":true,"href":"https:\/\/irankiuzona.lt\/ru\/wp-json\/wp\/v2\/product_tag?post=430264"}],"curies":[{"name":"wp","href":"https:\/\/api.w.org\/{rel}","templated":true}]}}