{"id":430290,"date":"2026-03-03T15:31:12","date_gmt":"2026-03-03T15:31:12","guid":{"rendered":"https:\/\/irankiuzona.lt\/product\/domkratas-aliuminis-pazemintas-15ton-90-358mm\/"},"modified":"2026-05-09T07:23:31","modified_gmt":"2026-05-09T07:23:31","slug":"domkratas-aliuminis-pazemintas-15ton-90-358mm","status":"publish","type":"product","link":"https:\/\/irankiuzona.lt\/ru\/product\/domkratas-aliuminis-pazemintas-15ton-90-358mm\/","title":{"rendered":"Domkratas aliuminis, pa\u017eemintas 1,5ton \/ 90-358mm"},"content":{"rendered":"<p>Keliamoji galia 1.5 tMin auk\u0161tis 90 mmMax auk\u0161tis 358 mmGreitas pak\u0117limas be apkrovosDvigubas k\u0117limo st\u016bmoklisAtitinka TUV, GS, CE standartusPakuot\u0117s matmenys 600 x 290 x 180 mmSvoris 14.3 kg<\/p>","protected":false},"excerpt":{"rendered":"<p>BIGRED Aliuminis, pa\u017eemintas 1,5ton hidraulinis domkratas \/ k\u0117limo auk\u0161tis 90-358mm\u00a0<\/p>","protected":false},"featured_media":295168,"comment_status":"open","ping_status":"open","template":"","meta":[],"product_cat":[9959],"product_tag":[9435],"class_list":{"0":"post-430290","1":"product","2":"type-product","3":"status-publish","4":"has-post-thumbnail","6":"product_brand-kinija","7":"product_cat-domkratai-hidrauliniai","8":"product_tag-kinija","10":"first","11":"outofstock","12":"purchasable","13":"product-type-simple"},"jetpack_sharing_enabled":true,"_links":{"self":[{"href":"https:\/\/irankiuzona.lt\/ru\/wp-json\/wp\/v2\/product\/430290","targetHints":{"allow":["GET"]}}],"collection":[{"href":"https:\/\/irankiuzona.lt\/ru\/wp-json\/wp\/v2\/product"}],"about":[{"href":"https:\/\/irankiuzona.lt\/ru\/wp-json\/wp\/v2\/types\/product"}],"replies":[{"embeddable":true,"href":"https:\/\/irankiuzona.lt\/ru\/wp-json\/wp\/v2\/comments?post=430290"}],"version-history":[{"count":1,"href":"https:\/\/irankiuzona.lt\/ru\/wp-json\/wp\/v2\/product\/430290\/revisions"}],"predecessor-version":[{"id":430291,"href":"https:\/\/irankiuzona.lt\/ru\/wp-json\/wp\/v2\/product\/430290\/revisions\/430291"}],"wp:featuredmedia":[{"embeddable":true,"href":"https:\/\/irankiuzona.lt\/ru\/wp-json\/wp\/v2\/media\/295168"}],"wp:attachment":[{"href":"https:\/\/irankiuzona.lt\/ru\/wp-json\/wp\/v2\/media?parent=430290"}],"wp:term":[{"taxonomy":"product_cat","embeddable":true,"href":"https:\/\/irankiuzona.lt\/ru\/wp-json\/wp\/v2\/product_cat?post=430290"},{"taxonomy":"product_tag","embeddable":true,"href":"https:\/\/irankiuzona.lt\/ru\/wp-json\/wp\/v2\/product_tag?post=430290"}],"curies":[{"name":"wp","href":"https:\/\/api.w.org\/{rel}","templated":true}]}}