{"id":430343,"date":"2026-03-03T18:43:46","date_gmt":"2026-03-03T18:43:46","guid":{"rendered":"https:\/\/irankiuzona.lt\/product\/belaidis-turboputiklis-mini-135000-rpm\/"},"modified":"2026-04-13T19:06:25","modified_gmt":"2026-04-13T19:06:25","slug":"belaidis-turboputiklis-mini-135000-rpm","status":"publish","type":"product","link":"https:\/\/irankiuzona.lt\/ru\/product\/belaidis-turboputiklis-mini-135000-rpm\/","title":{"rendered":"Belaidis turbop\u016btiklis mini | 135000 RPM"},"content":{"rendered":"<p>AIR DUSTER 135000 APS.\/MIN.<\/p>\n<p>Apsisukimai<br \/>\n135000 min\u207b\u00b9<br \/>\nGalia<br \/>\n180 W Nominali srov\u0117<br \/>\n2 A<br \/>\n\u012etampa<br \/>\n5 V nuolatin\u0117 srov\u0117<br \/>\nAkumuliatoriaus \u012ftampa<br \/>\n7,2 V nuolatin\u0117 srov\u0117<br \/>\nBaterijos tipas<br \/>\nLi\u010dio jon\u0173<br \/>\nBaterijos talpa<br \/>\n4000 mAh<br \/>\nBaterijos energija<br \/>\n28,8 Wh<br \/>\n\u012ekroviklis pridedamas<br \/>\ntaip<br \/>\n\u012ekroviklio tipas<br \/>\nUSB<br \/>\n\u012ekrovimo laikas<br \/>\n\u22643 valandos<br \/>\nMed\u017eiaga<br \/>\nABS<br \/>\nMatmenys<br \/>\n130x100x36mm<br \/>\nGrei\u010dio lygi\u0173 skai\u010dius<br \/>\n4<br \/>\nDarbo laikas<br \/>\n120 (1 pavara), 60 (II pavara), 30 (III pavara), 12 (IV pavara) min. [eng]<br \/>\nSvoris<br \/>\n0,25 kg<br \/>\nPritaikymas<\/p>\n<p>Belaidis turbop\u016btiklis mini versijoje, skirtas \u012fvairiems pritaikymams namuose ir darbo vietoje. <\/p>\n<p>Ilgesnis veikimo laikas d\u0117l li\u010dio jon\u0173 akumuliatori\u0173, kuri\u0173 talpa iki 4000 mAh, leid\u017eia atlikti daug u\u017eduo\u010di\u0173 vienu metu.<\/p>\n<p>Taikymo pavyzd\u017eiai:<\/p>\n<p>klaviat\u016br\u0173, kompiuteri\u0173, elektronikos, elektrini\u0173 \u012franki\u0173, variklio komponent\u0173 p\u016btimas<br \/>\n\u010diu\u017eini\u0173 prip\u016btimas<br \/>\nkepsnin\u0117s u\u017edegimas<br \/>\ndulki\u0173 valymas<br \/>\nParametrai:<\/p>\n<p>ventiliatoriaus greitis: 135 000 min\u207b\u00b9<br \/>\ngalia: 180 W<br \/>\ndid\u017eiausia v\u0117jo sl\u0117gio j\u0117ga: 180 g<br \/>\n4 grei\u010dio lygiai<br \/>\ndarbo laikas: 120 min. (I greitis), 60 minu\u010di\u0173 (II greitis), 30 minu\u010di\u0173 (III greitis), 12 minu\u010di\u0173 (IV greitis)<br \/>\nmaitinimas: li\u010dio jon\u0173 7,2 V, 4000 mAh akumuliatorius<br \/>\n\u012fkrovimas per USB-C prievad\u0105<br \/>\nmed\u017eiaga: patvarus ir atsparus pa\u017eeidimams ABS plastikas<br \/>\nmatmenys: 130 x 100 x 36 mm<br \/>\nsvoris: 0,25 kg<\/p>\n","protected":false},"excerpt":{"rendered":"<p>Belaidis turbop\u016btiklis mini | 135000 aps.\/min<\/p>","protected":false},"featured_media":430345,"comment_status":"open","ping_status":"open","template":"","meta":[],"product_cat":[10135],"product_tag":[9483],"class_list":{"0":"post-430343","1":"product","2":"type-product","3":"status-publish","4":"has-post-thumbnail","6":"product_brand-yato-lenkija","7":"product_cat-elektriniai-irankiai","8":"product_tag-yato-lenkija","10":"first","11":"instock","12":"purchasable","13":"product-type-simple"},"jetpack_sharing_enabled":true,"_links":{"self":[{"href":"https:\/\/irankiuzona.lt\/ru\/wp-json\/wp\/v2\/product\/430343","targetHints":{"allow":["GET"]}}],"collection":[{"href":"https:\/\/irankiuzona.lt\/ru\/wp-json\/wp\/v2\/product"}],"about":[{"href":"https:\/\/irankiuzona.lt\/ru\/wp-json\/wp\/v2\/types\/product"}],"replies":[{"embeddable":true,"href":"https:\/\/irankiuzona.lt\/ru\/wp-json\/wp\/v2\/comments?post=430343"}],"version-history":[{"count":1,"href":"https:\/\/irankiuzona.lt\/ru\/wp-json\/wp\/v2\/product\/430343\/revisions"}],"predecessor-version":[{"id":430344,"href":"https:\/\/irankiuzona.lt\/ru\/wp-json\/wp\/v2\/product\/430343\/revisions\/430344"}],"wp:featuredmedia":[{"embeddable":true,"href":"https:\/\/irankiuzona.lt\/ru\/wp-json\/wp\/v2\/media\/430345"}],"wp:attachment":[{"href":"https:\/\/irankiuzona.lt\/ru\/wp-json\/wp\/v2\/media?parent=430343"}],"wp:term":[{"taxonomy":"product_cat","embeddable":true,"href":"https:\/\/irankiuzona.lt\/ru\/wp-json\/wp\/v2\/product_cat?post=430343"},{"taxonomy":"product_tag","embeddable":true,"href":"https:\/\/irankiuzona.lt\/ru\/wp-json\/wp\/v2\/product_tag?post=430343"}],"curies":[{"name":"wp","href":"https:\/\/api.w.org\/{rel}","templated":true}]}}