{"id":430346,"date":"2026-03-03T18:43:51","date_gmt":"2026-03-03T18:43:51","guid":{"rendered":"https:\/\/irankiuzona.lt\/product\/presavimo-adapteriu-komplektas-52vnt\/"},"modified":"2026-04-15T08:49:31","modified_gmt":"2026-04-15T08:49:31","slug":"presavimo-adapteriu-komplektas-52vnt","status":"publish","type":"product","link":"https:\/\/irankiuzona.lt\/ru\/product\/presavimo-adapteriu-komplektas-52vnt\/","title":{"rendered":"Presavimo adapteri\u0173 komplektas 52vnt."},"content":{"rendered":"<p>52 \u012franki\u0173 rinkinys guoliams, \u012fvor\u0117ms ir sandarikliams i\u0161spausti ir \u012fspausti<\/p>","protected":false},"excerpt":{"rendered":"<p>52 \u012franki\u0173 rinkinys<\/p>","protected":false},"featured_media":430348,"comment_status":"open","ping_status":"closed","template":"","meta":[],"product_cat":[9731],"product_tag":[],"class_list":{"0":"post-430346","1":"product","2":"type-product","3":"status-publish","4":"has-post-thumbnail","6":"product_cat-guoliu-sailentbloku-presavimo-irankiai","8":"first","9":"instock","10":"purchasable","11":"product-type-simple"},"jetpack_sharing_enabled":true,"_links":{"self":[{"href":"https:\/\/irankiuzona.lt\/ru\/wp-json\/wp\/v2\/product\/430346","targetHints":{"allow":["GET"]}}],"collection":[{"href":"https:\/\/irankiuzona.lt\/ru\/wp-json\/wp\/v2\/product"}],"about":[{"href":"https:\/\/irankiuzona.lt\/ru\/wp-json\/wp\/v2\/types\/product"}],"replies":[{"embeddable":true,"href":"https:\/\/irankiuzona.lt\/ru\/wp-json\/wp\/v2\/comments?post=430346"}],"version-history":[{"count":1,"href":"https:\/\/irankiuzona.lt\/ru\/wp-json\/wp\/v2\/product\/430346\/revisions"}],"predecessor-version":[{"id":430347,"href":"https:\/\/irankiuzona.lt\/ru\/wp-json\/wp\/v2\/product\/430346\/revisions\/430347"}],"wp:featuredmedia":[{"embeddable":true,"href":"https:\/\/irankiuzona.lt\/ru\/wp-json\/wp\/v2\/media\/430348"}],"wp:attachment":[{"href":"https:\/\/irankiuzona.lt\/ru\/wp-json\/wp\/v2\/media?parent=430346"}],"wp:term":[{"taxonomy":"product_cat","embeddable":true,"href":"https:\/\/irankiuzona.lt\/ru\/wp-json\/wp\/v2\/product_cat?post=430346"},{"taxonomy":"product_tag","embeddable":true,"href":"https:\/\/irankiuzona.lt\/ru\/wp-json\/wp\/v2\/product_tag?post=430346"}],"curies":[{"name":"wp","href":"https:\/\/api.w.org\/{rel}","templated":true}]}}