{"id":430349,"date":"2026-03-03T18:43:54","date_gmt":"2026-03-03T18:43:54","guid":{"rendered":"https:\/\/irankiuzona.lt\/product\/stabdziu-cilindro-suspaudimo-komplektas-pneumo-16\/"},"modified":"2026-04-15T16:09:11","modified_gmt":"2026-04-15T16:09:11","slug":"stabdziu-cilindro-suspaudimo-komplektas-pneumo-16","status":"publish","type":"product","link":"https:\/\/irankiuzona.lt\/ru\/product\/stabdziu-cilindro-suspaudimo-komplektas-pneumo-16\/","title":{"rendered":"Stabd\u017ei\u0173 cilindro suspaudimo komplektas pneumo *16"},"content":{"rendered":"<p>16 dali\u0173 stabd\u017ei\u0173 cilindr\u0173 serviso \u012frankis (pneumatin\u0117 pavara) skirtas automobili\u0173 suport\u0173 cilindrams nuspausti atliekant stabd\u017ei\u0173 sistemos remont\u0105 ir technin\u0119 prie\u017ei\u016br\u0105. Rinkinys, skirtas darbui su \u012fvairi\u0173 tip\u0173 stabd\u017ei\u0173 cilindrais, \u012fskaitant tuos, kurie yra su de\u0161in\u0117s ir kair\u0117s pus\u0117s vairu, gali b\u016bti naudojamas aptarnauti \u012fvairias transporto priemones. Rinkinyje yra \u012fvairi\u0173 \u012franki\u0173, reikaling\u0173 \u012fvairioms stabd\u017ei\u0173 cilindr\u0173 prie\u017ei\u016bros operacijoms atlikti, \u012fskaitant dali\u0173 i\u0161\u0117mim\u0105, montavim\u0105, reguliavim\u0105 ir keitim\u0105. Vis\u0173 reikaling\u0173 \u012franki\u0173 tur\u0117jimas viename rinkinyje supaprastina ir pagreitina aptarnavimo proces\u0105. Rinkinyje esantys \u012frankiai pagaminti i\u0161 tvirt\u0173 ir patvari\u0173 med\u017eiag\u0173, toki\u0173 kaip auk\u0161tos kokyb\u0117s plienas. Tai u\u017etikrina \u012franki\u0173 ilgaam\u017ei\u0161kum\u0105 ir patikimum\u0105 atliekant stabd\u017ei\u0173 cilindr\u0173 prie\u017ei\u016bros darbus. Rinkin\u012f sudaro: 15 adapteri\u0173, pneumatin\u0117 pavara su kairiuoju ir de\u0161iniuoju sriegiu bei d\u0117klas. Lengvam laikymui ir transportavimui.<\/p>","protected":false},"excerpt":{"rendered":"<p>Stabd\u017ei\u0173 cilindr\u0173 remonto rinkinys (16 vnt.) (pneumatinis. de\u0161in\u0117je\/kair\u0117je)<\/p>","protected":false},"featured_media":430351,"comment_status":"open","ping_status":"closed","template":"","meta":[],"product_cat":[9534],"product_tag":[],"class_list":{"0":"post-430349","1":"product","2":"type-product","3":"status-publish","4":"has-post-thumbnail","6":"product_cat-stabdziu-remonto-nuorinimo-irankiai","8":"first","9":"instock","10":"purchasable","11":"product-type-simple"},"jetpack_sharing_enabled":true,"_links":{"self":[{"href":"https:\/\/irankiuzona.lt\/ru\/wp-json\/wp\/v2\/product\/430349","targetHints":{"allow":["GET"]}}],"collection":[{"href":"https:\/\/irankiuzona.lt\/ru\/wp-json\/wp\/v2\/product"}],"about":[{"href":"https:\/\/irankiuzona.lt\/ru\/wp-json\/wp\/v2\/types\/product"}],"replies":[{"embeddable":true,"href":"https:\/\/irankiuzona.lt\/ru\/wp-json\/wp\/v2\/comments?post=430349"}],"version-history":[{"count":1,"href":"https:\/\/irankiuzona.lt\/ru\/wp-json\/wp\/v2\/product\/430349\/revisions"}],"predecessor-version":[{"id":430350,"href":"https:\/\/irankiuzona.lt\/ru\/wp-json\/wp\/v2\/product\/430349\/revisions\/430350"}],"wp:featuredmedia":[{"embeddable":true,"href":"https:\/\/irankiuzona.lt\/ru\/wp-json\/wp\/v2\/media\/430351"}],"wp:attachment":[{"href":"https:\/\/irankiuzona.lt\/ru\/wp-json\/wp\/v2\/media?parent=430349"}],"wp:term":[{"taxonomy":"product_cat","embeddable":true,"href":"https:\/\/irankiuzona.lt\/ru\/wp-json\/wp\/v2\/product_cat?post=430349"},{"taxonomy":"product_tag","embeddable":true,"href":"https:\/\/irankiuzona.lt\/ru\/wp-json\/wp\/v2\/product_tag?post=430349"}],"curies":[{"name":"wp","href":"https:\/\/api.w.org\/{rel}","templated":true}]}}