{"id":430355,"date":"2026-03-03T18:44:03","date_gmt":"2026-03-03T18:44:03","guid":{"rendered":"https:\/\/irankiuzona.lt\/product\/ismetimo-vamzdzio-pletimo-komplektas-7vnt\/"},"modified":"2026-04-14T06:51:45","modified_gmt":"2026-04-14T06:51:45","slug":"ismetimo-vamzdzio-pletimo-komplektas-7vnt","status":"publish","type":"product","link":"https:\/\/irankiuzona.lt\/ru\/product\/ismetimo-vamzdzio-pletimo-komplektas-7vnt\/","title":{"rendered":"I\u0161metimo vamzd\u017eio pl\u0117timo komplektas 7vnt."},"content":{"rendered":"<p>1 pl\u0117tiklis su \u012fvore 1 5\/8&#8243; iki 2&#8243; (41,3\u201350,8 mm)1 \u012fvor\u0117 3 1\/2&#8243; iki 3 7\/8&#8243; (88,9\u201398,4 mm)1 \u012fvor\u0117 2&#8243; iki 2 1\/2&#8243; (50,8\u201363,5 mm)1 \u012fvor\u0117 2 3\/4&#8243; iki 3 1\/8&#8243; (69,9\u201379,4 mm)1 \u012fvor\u0117 2 3\/8&#8243; iki 2 3\/4&#8243; (60,3\u201369,9 mm)1 \u012fvor\u0117 3 1\/8&#8243; iki 3 1\/2&#8243; (79,4\u201388,9 mm)1 \u012fvor\u0117 3 7\/8&#8243; iki 4 1\/4&#8243; (98,4\u2013108 mm)<\/p>","protected":false},"excerpt":{"rendered":"<p>I\u0161metimo vamzd\u017eio pl\u0117timo komplektas 7 vnt.<\/p>","protected":false},"featured_media":430357,"comment_status":"open","ping_status":"closed","template":"","meta":[],"product_cat":[9537],"product_tag":[9435],"class_list":{"0":"post-430355","1":"product","2":"type-product","3":"status-publish","4":"has-post-thumbnail","6":"product_brand-kinija","7":"product_cat-duslintuvo-remontui","8":"product_tag-kinija","10":"first","11":"instock","12":"purchasable","13":"product-type-simple"},"jetpack_sharing_enabled":true,"_links":{"self":[{"href":"https:\/\/irankiuzona.lt\/ru\/wp-json\/wp\/v2\/product\/430355","targetHints":{"allow":["GET"]}}],"collection":[{"href":"https:\/\/irankiuzona.lt\/ru\/wp-json\/wp\/v2\/product"}],"about":[{"href":"https:\/\/irankiuzona.lt\/ru\/wp-json\/wp\/v2\/types\/product"}],"replies":[{"embeddable":true,"href":"https:\/\/irankiuzona.lt\/ru\/wp-json\/wp\/v2\/comments?post=430355"}],"version-history":[{"count":2,"href":"https:\/\/irankiuzona.lt\/ru\/wp-json\/wp\/v2\/product\/430355\/revisions"}],"predecessor-version":[{"id":430376,"href":"https:\/\/irankiuzona.lt\/ru\/wp-json\/wp\/v2\/product\/430355\/revisions\/430376"}],"wp:featuredmedia":[{"embeddable":true,"href":"https:\/\/irankiuzona.lt\/ru\/wp-json\/wp\/v2\/media\/430357"}],"wp:attachment":[{"href":"https:\/\/irankiuzona.lt\/ru\/wp-json\/wp\/v2\/media?parent=430355"}],"wp:term":[{"taxonomy":"product_cat","embeddable":true,"href":"https:\/\/irankiuzona.lt\/ru\/wp-json\/wp\/v2\/product_cat?post=430355"},{"taxonomy":"product_tag","embeddable":true,"href":"https:\/\/irankiuzona.lt\/ru\/wp-json\/wp\/v2\/product_tag?post=430355"}],"curies":[{"name":"wp","href":"https:\/\/api.w.org\/{rel}","templated":true}]}}