{"id":430358,"date":"2026-03-03T18:44:11","date_gmt":"2026-03-03T18:44:11","guid":{"rendered":"https:\/\/irankiuzona.lt\/product\/rato-guolio-presavimo-komplektas-o82mm-2\/"},"modified":"2026-04-14T11:12:15","modified_gmt":"2026-04-14T11:12:15","slug":"rato-guolio-presavimo-komplektas-o82mm-2","status":"publish","type":"product","link":"https:\/\/irankiuzona.lt\/ru\/product\/rato-guolio-presavimo-komplektas-o82mm-2\/","title":{"rendered":"Rato guolio presavimo komplektas \u00d882mm"},"content":{"rendered":"<p>82 mm rat\u0173 guoli\u0173 keitimo \u012franki\u0173 rinkinys d\u0117kle yra pilnas \u012franki\u0173 rinkinys, skirtas rat\u0173 guoliams nuimti ir sumontuoti. Visos operacijos atliekamos transporto priemon\u0117je nei\u0161montuojant joki\u0173 komponent\u0173. \u0160is i\u0161traukiklis tinka keisti rat\u0173 guolius \u201eFord Mondeo\u201c, \u201eGalaxy\u201c, \u201eS-Max\u201c, \u201eLand Rover Freelander 2\u201c, \u201eVolvo S80\u201c, \u201eV70\u201c ir \u201eXC60\u201c automobiliuose su 82 mm guoliais. Rinkin\u012f sudaro: 1 pover\u017el\u0117, 1 var\u017etas, 1 ver\u017el\u0117, 2 atraminiai kai\u0161\u010diai, 2 sraigtai, 4 atraminiai kai\u0161\u010diai, 2 presavimo \u012ftvarai, 2 presavimo \u012ftvarai, 4 atraminiai var\u017etai. Tiekiamas patvariame plastikiniame d\u0117kle, kad b\u016bt\u0173 lengva laikyti ir transportuoti. Didelio stiprumo plienas u\u017etikrina puik\u0173 patvarum\u0105 ir apsaug\u0105 nuo korozijos.<\/p>","protected":false},"excerpt":{"rendered":"<p>Rat\u0173 guoli\u0173 keitimo \u012franki\u0173 rinkinys, skirtas \u201eFord Mondeo\u201c, \u201eGalaxy\u201c, \u201eS-Max\u201c, \u201eLand Rover Freelander 2\u201c, \u201eVolvo S80\u201c, \u201eV70\u201c, \u201eXC60\u201c, \u201eXC70\u201c (\u00d882 mm)<\/p>","protected":false},"featured_media":430360,"comment_status":"open","ping_status":"closed","template":"","meta":[],"product_cat":[9731],"product_tag":[],"class_list":{"0":"post-430358","1":"product","2":"type-product","3":"status-publish","4":"has-post-thumbnail","6":"product_cat-guoliu-sailentbloku-presavimo-irankiai","8":"first","9":"outofstock","10":"purchasable","11":"product-type-simple"},"jetpack_sharing_enabled":true,"_links":{"self":[{"href":"https:\/\/irankiuzona.lt\/ru\/wp-json\/wp\/v2\/product\/430358","targetHints":{"allow":["GET"]}}],"collection":[{"href":"https:\/\/irankiuzona.lt\/ru\/wp-json\/wp\/v2\/product"}],"about":[{"href":"https:\/\/irankiuzona.lt\/ru\/wp-json\/wp\/v2\/types\/product"}],"replies":[{"embeddable":true,"href":"https:\/\/irankiuzona.lt\/ru\/wp-json\/wp\/v2\/comments?post=430358"}],"version-history":[{"count":1,"href":"https:\/\/irankiuzona.lt\/ru\/wp-json\/wp\/v2\/product\/430358\/revisions"}],"predecessor-version":[{"id":430359,"href":"https:\/\/irankiuzona.lt\/ru\/wp-json\/wp\/v2\/product\/430358\/revisions\/430359"}],"wp:featuredmedia":[{"embeddable":true,"href":"https:\/\/irankiuzona.lt\/ru\/wp-json\/wp\/v2\/media\/430360"}],"wp:attachment":[{"href":"https:\/\/irankiuzona.lt\/ru\/wp-json\/wp\/v2\/media?parent=430358"}],"wp:term":[{"taxonomy":"product_cat","embeddable":true,"href":"https:\/\/irankiuzona.lt\/ru\/wp-json\/wp\/v2\/product_cat?post=430358"},{"taxonomy":"product_tag","embeddable":true,"href":"https:\/\/irankiuzona.lt\/ru\/wp-json\/wp\/v2\/product_tag?post=430358"}],"curies":[{"name":"wp","href":"https:\/\/api.w.org\/{rel}","templated":true}]}}