{"id":430361,"date":"2026-03-03T18:44:15","date_gmt":"2026-03-03T18:44:15","guid":{"rendered":"https:\/\/irankiuzona.lt\/product\/irankiu-komplektas-mercedes-2-0t-m133-270-274\/"},"modified":"2026-05-16T16:30:56","modified_gmt":"2026-05-16T16:30:56","slug":"irankiu-komplektas-mercedes-2-0t-m133-270-274","status":"publish","type":"product","link":"https:\/\/irankiuzona.lt\/ru\/product\/irankiu-komplektas-mercedes-2-0t-m133-270-274\/","title":{"rendered":"\u012eranki\u0173 komplektas Mercedes 2.0T M133\/270\/274"},"content":{"rendered":"<p>\u201eMercedes\u201c variklio aptarnavimo \u012franki\u0173 rinkinys \u201ePremium\u201c d\u0117kle yra profesionalus \u012frankis, leid\u017eiantis greitai ir lengvai atlikti \u201eMercedes\u201c automobili\u0173 varikli\u0173 technin\u0119 prie\u017ei\u016br\u0105. Rinkin\u012f sudaro 7 elementai, leid\u017eiantys saugiai pritvirtinti varikl\u012f norimoje pad\u0117tyje \u012fvairiems darbams, pavyzd\u017eiui, dir\u017e\u0173, ritin\u0117li\u0173, sandarikli\u0173 ir kit\u0173 dali\u0173 keitimui. \u201eMercedes\u201c u\u017erakinimo \u012franki\u0173 rinkinio privalumai: 1. Patikimumas ir saugumas: u\u017erakt\u0173 naudojimas leid\u017eia saugiai pritvirtinti varikl\u012f, o tai u\u017etikrina saug\u0173 darb\u0105 ir apsaugo nuo dali\u0173 pa\u017eeidimo. 2. Naudojimo paprastumas: rinkinys tiekiamas patogiame d\u0117kle, kuriame galima laikyti ir transportuoti \u012frankius. 3. Universalumas: rinkinys tinka \u201eMercedes\u201c modeliams su M133, M270 ir M274 varikliais, kuri\u0173 t\u016bris yra 1,6 ir 2,0 litr\u0173. 4. Auk\u0161ta kokyb\u0117: \u012frankiai pagaminti i\u0161 patvari\u0173 med\u017eiag\u0173, o tai garantuoja j\u0173 ilgaam\u017ei\u0161kum\u0105 ir patikimum\u0105 eksploatacijos metu. 5. Laiko taupymas: u\u017erakt\u0173 rinkinys \u017eymiai suma\u017eina&#8230;<\/p>","protected":false},"excerpt":{"rendered":"<p>(M133, M270, M274 1.6 ir 2.0)<\/p>","protected":false},"featured_media":430363,"comment_status":"open","ping_status":"closed","template":"","meta":[],"product_cat":[9863],"product_tag":[],"class_list":{"0":"post-430361","1":"product","2":"type-product","3":"status-publish","4":"has-post-thumbnail","6":"product_cat-mercedes-benz-blokatoriai","8":"first","9":"outofstock","10":"purchasable","11":"product-type-simple"},"jetpack_sharing_enabled":true,"_links":{"self":[{"href":"https:\/\/irankiuzona.lt\/ru\/wp-json\/wp\/v2\/product\/430361","targetHints":{"allow":["GET"]}}],"collection":[{"href":"https:\/\/irankiuzona.lt\/ru\/wp-json\/wp\/v2\/product"}],"about":[{"href":"https:\/\/irankiuzona.lt\/ru\/wp-json\/wp\/v2\/types\/product"}],"replies":[{"embeddable":true,"href":"https:\/\/irankiuzona.lt\/ru\/wp-json\/wp\/v2\/comments?post=430361"}],"version-history":[{"count":1,"href":"https:\/\/irankiuzona.lt\/ru\/wp-json\/wp\/v2\/product\/430361\/revisions"}],"predecessor-version":[{"id":430362,"href":"https:\/\/irankiuzona.lt\/ru\/wp-json\/wp\/v2\/product\/430361\/revisions\/430362"}],"wp:featuredmedia":[{"embeddable":true,"href":"https:\/\/irankiuzona.lt\/ru\/wp-json\/wp\/v2\/media\/430363"}],"wp:attachment":[{"href":"https:\/\/irankiuzona.lt\/ru\/wp-json\/wp\/v2\/media?parent=430361"}],"wp:term":[{"taxonomy":"product_cat","embeddable":true,"href":"https:\/\/irankiuzona.lt\/ru\/wp-json\/wp\/v2\/product_cat?post=430361"},{"taxonomy":"product_tag","embeddable":true,"href":"https:\/\/irankiuzona.lt\/ru\/wp-json\/wp\/v2\/product_tag?post=430361"}],"curies":[{"name":"wp","href":"https:\/\/api.w.org\/{rel}","templated":true}]}}