{"id":430364,"date":"2026-03-03T18:44:20","date_gmt":"2026-03-03T18:44:20","guid":{"rendered":"https:\/\/irankiuzona.lt\/product\/guoliu-presavimo-komplektas-o-72mm-vag-2\/"},"modified":"2026-05-09T18:43:16","modified_gmt":"2026-05-09T18:43:16","slug":"guoliu-presavimo-komplektas-o-72mm-vag-2","status":"publish","type":"product","link":"https:\/\/irankiuzona.lt\/ru\/product\/guoliu-presavimo-komplektas-o-72mm-vag-2\/","title":{"rendered":"Guoli\u0173 presavimo komplektas \u00f8 72mm VAG"},"content":{"rendered":"<p>\u012franki\u0173 rinkinys skirtas greitam ir patikimam 72 mm skersmens rat\u0173 guoli\u0173 keitimui AUDI A2, SEAT Ibiza, \u0160KODA Fabia, Roomster, VW Polo ir Fox automobiliuose. Rinkin\u012f sudaro 14 profesionali\u0173 \u012franki\u0173 patogiame d\u0117kle, u\u017etikrinan\u010dioje \u0161veln\u0173 rat\u0173 guolio i\u0161\u0117mim\u0105 ir sumontavim\u0105 jo nepa\u017eeid\u017eiant. \u0160is universalus ir patvarus rinkinys \u017eymiai supaprastina VAG transporto priemoni\u0173 va\u017eiuokl\u0117s remont\u0105, padidindamas efektyvum\u0105 ir naudojimo paprastum\u0105. D\u0117klo matmenys: ilgis 330 mm, plotis 250 mm, auk\u0161tis 90 mm.<\/p>","protected":false},"excerpt":{"rendered":"<p>\u012eranki\u0173 rinkinys 72 mm rat\u0173 guoliams keisti AUDI A2, SEAT Ibiza, \u0160KODA Fabia, Roomster, VW Polo, Fox automobiliams. (14 vnt.) d\u0117kle.<\/p>","protected":false},"featured_media":430366,"comment_status":"open","ping_status":"closed","template":"","meta":[],"product_cat":[9976],"product_tag":[],"class_list":{"0":"post-430364","1":"product","2":"type-product","3":"status-publish","4":"has-post-thumbnail","6":"product_cat-katalogas","8":"first","9":"outofstock","10":"purchasable","11":"product-type-simple"},"jetpack_sharing_enabled":true,"_links":{"self":[{"href":"https:\/\/irankiuzona.lt\/ru\/wp-json\/wp\/v2\/product\/430364","targetHints":{"allow":["GET"]}}],"collection":[{"href":"https:\/\/irankiuzona.lt\/ru\/wp-json\/wp\/v2\/product"}],"about":[{"href":"https:\/\/irankiuzona.lt\/ru\/wp-json\/wp\/v2\/types\/product"}],"replies":[{"embeddable":true,"href":"https:\/\/irankiuzona.lt\/ru\/wp-json\/wp\/v2\/comments?post=430364"}],"version-history":[{"count":1,"href":"https:\/\/irankiuzona.lt\/ru\/wp-json\/wp\/v2\/product\/430364\/revisions"}],"predecessor-version":[{"id":430365,"href":"https:\/\/irankiuzona.lt\/ru\/wp-json\/wp\/v2\/product\/430364\/revisions\/430365"}],"wp:featuredmedia":[{"embeddable":true,"href":"https:\/\/irankiuzona.lt\/ru\/wp-json\/wp\/v2\/media\/430366"}],"wp:attachment":[{"href":"https:\/\/irankiuzona.lt\/ru\/wp-json\/wp\/v2\/media?parent=430364"}],"wp:term":[{"taxonomy":"product_cat","embeddable":true,"href":"https:\/\/irankiuzona.lt\/ru\/wp-json\/wp\/v2\/product_cat?post=430364"},{"taxonomy":"product_tag","embeddable":true,"href":"https:\/\/irankiuzona.lt\/ru\/wp-json\/wp\/v2\/product_tag?post=430364"}],"curies":[{"name":"wp","href":"https:\/\/api.w.org\/{rel}","templated":true}]}}