{"id":430367,"date":"2026-03-03T18:44:24","date_gmt":"2026-03-03T18:44:24","guid":{"rendered":"https:\/\/irankiuzona.lt\/product\/variklio-blokavimo-komplektas-bmw-b38-b48-benzinas\/"},"modified":"2026-05-09T21:09:53","modified_gmt":"2026-05-09T21:09:53","slug":"variklio-blokavimo-komplektas-bmw-b38-b48-benzinas","status":"publish","type":"product","link":"https:\/\/irankiuzona.lt\/ru\/product\/variklio-blokavimo-komplektas-bmw-b38-b48-benzinas\/","title":{"rendered":"Variklio blokavimo komplektas  BMW B38\/B48 benzinas"},"content":{"rendered":"<p>Jis puikiai tinka skirstomojo veleno fiksavimui, grandin\u0117s keitimui ir skirstomojo veleno skriemulio nu\u0117mimui variklio prie\u017ei\u016bros ar modifikavimo metu. Rinkinys u\u017etikrina, kad skirstomasis velenas b\u016bt\u0173 u\u017efiksuotas teisingoje paskirstymo pad\u0117tyje, u\u017etikrinant tikslum\u0105 ir paprast\u0105 naudojim\u0105. Kiekvienas rinkinyje esantis \u012frankis buvo i\u0161bandytas daug kart\u0173, siekiant u\u017etikrinti auk\u0161\u010diausi\u0105 kokyb\u0119 ir tinkamum\u0105, palyginti su originaliais gamykliniais \u012frankiais.<br \/>\nPagrindin\u0117s savyb\u0117s:Suderinamumas: Suderinamas su BMW MINI B38 A12, A15, B48 A20, B58 3.0T varikliais.I\u0161samus rinkinys: Apima visus reikalingus \u012frankius skirstomajam velenui u\u017efiksuoti ir grandinei pakeisti.Auk\u0161tos kokyb\u0117s konstrukcija: \u012erankiai yra suprojektuoti ir i\u0161bandyti siekiant u\u017etikrinti auk\u0161\u010diausi\u0105 kokyb\u0119 ir tikslum\u0105.Naudojimo paprastumas: Supaprastina skirstomojo veleno reguliavimo, suvedimo ir variklio prie\u017ei\u016bros proces\u0105.Profesionalus veikimas: Tinka tiek profesionaliems mechanikams, tiek \u201epasidaryk pats\u201c entuziastams.Technin\u0117 informacija:Pritaikymas: Naudojamas skirstomojo veleno reguliavimui ir suvedimui, skirstomojo veleno \/ kintamo skirstomojo veleno paskirstymo \u012ftais\u0173 montavimui ir nu\u0117mimui, variklio tvirtinimui ir suvedimui.Asortimentas: Suderinamas su BMW MINI B38 A12, A15, B48 A20, B58 3.0T varikliais.<br \/>\nKomplekte yra: \u012ftempiklio fiksavimo kai\u0161tis, alk\u016bninio veleno fiksavimo \u012frankis, skirstomojo veleno\u00a0 fiksavimo \u012frankis, smagra\u010dio paskirstymo kai\u0161tis, skirstomojo veleno\/alk\u016bninio veleno fiksavimo kai\u0161tis, skirstomojo veleno i\u0161\u0117mimo \u012fvor\u0117 ir kt.<\/p>","protected":false},"excerpt":{"rendered":"<p>\u012eranki\u0173 rinkinys BMW\/Mini B38\/48 ir B38\/48\/58<\/p>","protected":false},"featured_media":430369,"comment_status":"open","ping_status":"closed","template":"","meta":[],"product_cat":[9689],"product_tag":[9435],"class_list":{"0":"post-430367","1":"product","2":"type-product","3":"status-publish","4":"has-post-thumbnail","6":"product_brand-kinija","7":"product_cat-bmw-blokatoriai","8":"product_tag-kinija","10":"first","11":"outofstock","12":"purchasable","13":"product-type-simple"},"jetpack_sharing_enabled":true,"_links":{"self":[{"href":"https:\/\/irankiuzona.lt\/ru\/wp-json\/wp\/v2\/product\/430367","targetHints":{"allow":["GET"]}}],"collection":[{"href":"https:\/\/irankiuzona.lt\/ru\/wp-json\/wp\/v2\/product"}],"about":[{"href":"https:\/\/irankiuzona.lt\/ru\/wp-json\/wp\/v2\/types\/product"}],"replies":[{"embeddable":true,"href":"https:\/\/irankiuzona.lt\/ru\/wp-json\/wp\/v2\/comments?post=430367"}],"version-history":[{"count":1,"href":"https:\/\/irankiuzona.lt\/ru\/wp-json\/wp\/v2\/product\/430367\/revisions"}],"predecessor-version":[{"id":430368,"href":"https:\/\/irankiuzona.lt\/ru\/wp-json\/wp\/v2\/product\/430367\/revisions\/430368"}],"wp:featuredmedia":[{"embeddable":true,"href":"https:\/\/irankiuzona.lt\/ru\/wp-json\/wp\/v2\/media\/430369"}],"wp:attachment":[{"href":"https:\/\/irankiuzona.lt\/ru\/wp-json\/wp\/v2\/media?parent=430367"}],"wp:term":[{"taxonomy":"product_cat","embeddable":true,"href":"https:\/\/irankiuzona.lt\/ru\/wp-json\/wp\/v2\/product_cat?post=430367"},{"taxonomy":"product_tag","embeddable":true,"href":"https:\/\/irankiuzona.lt\/ru\/wp-json\/wp\/v2\/product_tag?post=430367"}],"curies":[{"name":"wp","href":"https:\/\/api.w.org\/{rel}","templated":true}]}}