{"id":430459,"date":"2026-03-15T02:01:47","date_gmt":"2026-03-15T02:01:47","guid":{"rendered":"https:\/\/irankiuzona.lt\/product\/reduktorius-co2-su-pakaitinimu-2\/"},"modified":"2026-04-16T20:43:38","modified_gmt":"2026-04-16T20:43:38","slug":"reduktorius-co2-su-pakaitinimu-2","status":"publish","type":"product","link":"https:\/\/irankiuzona.lt\/ru\/product\/reduktorius-co2-su-pakaitinimu-2\/","title":{"rendered":"Reduktorius CO2 su pakaitinimu"},"content":{"rendered":"<p>\u012eleidimo sl\u0117gis: 150 bar\u0173<br \/>\nNa\u0161umas: 25 l\/min<br \/>\n\u0160ildytuvo galia: 120W<br \/>\nMaitinimas: 230 V \/ 50 Hz<br \/>\nEU kabelis: 1,5 m<br \/>\n\u012eleidimo sriegis: W21,8&#215;1 \/ 14<br \/>\nVer\u017el\u0117s sriegis prie i\u0161\u0117jimo: G 1\/4 &quot;<br \/>\nDujos: argonas \/ Co2<br \/>\nSvoris: 0,795 kg<\/p>","protected":false},"excerpt":{"rendered":"<p>Reduktorius CO2 su pakaitinimu<\/p>","protected":false},"featured_media":261894,"comment_status":"open","ping_status":"open","template":"","meta":[],"product_cat":[11025],"product_tag":[10130],"class_list":{"0":"post-430459","1":"product","2":"type-product","3":"status-publish","4":"has-post-thumbnail","6":"product_brand-satra-lenkija","7":"product_cat-suvirinimo-priedai","8":"product_tag-satra-lenkija","10":"first","11":"instock","12":"purchasable","13":"product-type-simple"},"jetpack_sharing_enabled":true,"_links":{"self":[{"href":"https:\/\/irankiuzona.lt\/ru\/wp-json\/wp\/v2\/product\/430459","targetHints":{"allow":["GET"]}}],"collection":[{"href":"https:\/\/irankiuzona.lt\/ru\/wp-json\/wp\/v2\/product"}],"about":[{"href":"https:\/\/irankiuzona.lt\/ru\/wp-json\/wp\/v2\/types\/product"}],"replies":[{"embeddable":true,"href":"https:\/\/irankiuzona.lt\/ru\/wp-json\/wp\/v2\/comments?post=430459"}],"version-history":[{"count":1,"href":"https:\/\/irankiuzona.lt\/ru\/wp-json\/wp\/v2\/product\/430459\/revisions"}],"predecessor-version":[{"id":430460,"href":"https:\/\/irankiuzona.lt\/ru\/wp-json\/wp\/v2\/product\/430459\/revisions\/430460"}],"wp:featuredmedia":[{"embeddable":true,"href":"https:\/\/irankiuzona.lt\/ru\/wp-json\/wp\/v2\/media\/261894"}],"wp:attachment":[{"href":"https:\/\/irankiuzona.lt\/ru\/wp-json\/wp\/v2\/media?parent=430459"}],"wp:term":[{"taxonomy":"product_cat","embeddable":true,"href":"https:\/\/irankiuzona.lt\/ru\/wp-json\/wp\/v2\/product_cat?post=430459"},{"taxonomy":"product_tag","embeddable":true,"href":"https:\/\/irankiuzona.lt\/ru\/wp-json\/wp\/v2\/product_tag?post=430459"}],"curies":[{"name":"wp","href":"https:\/\/api.w.org\/{rel}","templated":true}]}}