{"id":430461,"date":"2026-03-15T02:02:28","date_gmt":"2026-03-15T02:02:28","guid":{"rendered":"https:\/\/irankiuzona.lt\/product\/spec-galvutes-sugadintems-varztams-3-8-10vnt-9-19mm\/"},"modified":"2026-03-15T02:02:28","modified_gmt":"2026-03-15T02:02:28","slug":"spec-galvutes-sugadintems-varztams-3-8-10vnt-9-19mm","status":"publish","type":"product","link":"https:\/\/irankiuzona.lt\/ru\/product\/spec-galvutes-sugadintems-varztams-3-8-10vnt-9-19mm\/","title":{"rendered":"Spec. galvut\u0117s sugadint\u0117ms var\u017etams 3\/8&quot; 10vnt. 9-19mm"},"content":{"rendered":"<p>\u2022 9mm 3\/8\u201d\u00a0<br \/>\n\u2022 10mm 3\/8\u201d\u00a0<br \/>\n\u2022 11mm 3\/8\u201d\u00a0<br \/>\n\u2022 12mm 3\/8\u201d\u00a0<br \/>\n\u2022 13mm 3\/8\u201d\u00a0<br \/>\n\u2022 14mm 3\/8\u201d\u00a0<br \/>\n\u2022 15mm 3\/8\u201d\u00a0<br \/>\n\u2022 16mm 3\/8\u201d\u00a0<br \/>\n\u2022 17mm 3\/8\u201d\u00a0<br \/>\n\u2022 19mm 3\/8\u201d\u00a0<\/p>","protected":false},"excerpt":{"rendered":"<p>Spec. galvut\u0117s sugadint\u0117ms var\u017etams 3\/8&quot; 10vnt. 9-19mm<\/p>","protected":false},"featured_media":430463,"comment_status":"open","ping_status":"open","template":"","meta":[],"product_cat":[9500],"product_tag":[10130],"class_list":{"0":"post-430461","1":"product","2":"type-product","3":"status-publish","4":"has-post-thumbnail","6":"product_brand-satra-lenkija","7":"product_cat-galvuciu-komplektai-sugadintiems-varztams","8":"product_tag-satra-lenkija","10":"first","11":"instock","12":"purchasable","13":"product-type-simple"},"jetpack_sharing_enabled":true,"_links":{"self":[{"href":"https:\/\/irankiuzona.lt\/ru\/wp-json\/wp\/v2\/product\/430461","targetHints":{"allow":["GET"]}}],"collection":[{"href":"https:\/\/irankiuzona.lt\/ru\/wp-json\/wp\/v2\/product"}],"about":[{"href":"https:\/\/irankiuzona.lt\/ru\/wp-json\/wp\/v2\/types\/product"}],"replies":[{"embeddable":true,"href":"https:\/\/irankiuzona.lt\/ru\/wp-json\/wp\/v2\/comments?post=430461"}],"version-history":[{"count":1,"href":"https:\/\/irankiuzona.lt\/ru\/wp-json\/wp\/v2\/product\/430461\/revisions"}],"predecessor-version":[{"id":430462,"href":"https:\/\/irankiuzona.lt\/ru\/wp-json\/wp\/v2\/product\/430461\/revisions\/430462"}],"wp:featuredmedia":[{"embeddable":true,"href":"https:\/\/irankiuzona.lt\/ru\/wp-json\/wp\/v2\/media\/430463"}],"wp:attachment":[{"href":"https:\/\/irankiuzona.lt\/ru\/wp-json\/wp\/v2\/media?parent=430461"}],"wp:term":[{"taxonomy":"product_cat","embeddable":true,"href":"https:\/\/irankiuzona.lt\/ru\/wp-json\/wp\/v2\/product_cat?post=430461"},{"taxonomy":"product_tag","embeddable":true,"href":"https:\/\/irankiuzona.lt\/ru\/wp-json\/wp\/v2\/product_tag?post=430461"}],"curies":[{"name":"wp","href":"https:\/\/api.w.org\/{rel}","templated":true}]}}