{"id":430464,"date":"2026-03-15T02:16:58","date_gmt":"2026-03-15T02:16:58","guid":{"rendered":"https:\/\/irankiuzona.lt\/product\/slegio-testavimo-rinkinys-turbo-sistemoms-9vnt-2\/"},"modified":"2026-04-20T15:13:08","modified_gmt":"2026-04-20T15:13:08","slug":"slegio-testavimo-rinkinys-turbo-sistemoms-9vnt-2","status":"publish","type":"product","link":"https:\/\/irankiuzona.lt\/ru\/product\/slegio-testavimo-rinkinys-turbo-sistemoms-9vnt-2\/","title":{"rendered":"Sl\u0117gio testavimo rinkinys Turbo sistemoms 9vnt."},"content":{"rendered":"<p>Skirtas\u00a0aptikti nuot\u0117kius turbo sistemos ir au\u0161inimo sistemos \u017earnose.<br \/>\nTuri sl\u0117gio matuokl\u012f su u\u017edarymo vo\u017etuvu, sl\u0117gio reguliatori\u0173 ir sl\u0117gio i\u0161leidimo vo\u017etuv\u0105.<br \/>\nKomplekte yra keturios poros adapteri\u0173, tinkan\u010di\u0173 daugumos dyd\u017ei\u0173 \u017earnoms.<\/p>\n<p>Adapterio dydis:<br \/>\n35-45mm 50-60mm<br \/>\n65-75mm 80-90mm<\/p>","protected":false},"excerpt":{"rendered":"<p>Sl\u0117gio testavimo rinkinys Turbo sistemoms 9vnt.<\/p>","protected":false},"featured_media":263125,"comment_status":"open","ping_status":"open","template":"","meta":[],"product_cat":[9550],"product_tag":[10131],"class_list":{"0":"post-430464","1":"product","2":"type-product","3":"status-publish","4":"has-post-thumbnail","6":"product_brand-asta-lenkija","7":"product_cat-kiti-matuokliai-stetoskopai-termometrai-karbiuratoriams","8":"product_tag-asta-lenkija","10":"first","11":"instock","12":"purchasable","13":"product-type-simple"},"jetpack_sharing_enabled":true,"_links":{"self":[{"href":"https:\/\/irankiuzona.lt\/ru\/wp-json\/wp\/v2\/product\/430464","targetHints":{"allow":["GET"]}}],"collection":[{"href":"https:\/\/irankiuzona.lt\/ru\/wp-json\/wp\/v2\/product"}],"about":[{"href":"https:\/\/irankiuzona.lt\/ru\/wp-json\/wp\/v2\/types\/product"}],"replies":[{"embeddable":true,"href":"https:\/\/irankiuzona.lt\/ru\/wp-json\/wp\/v2\/comments?post=430464"}],"version-history":[{"count":1,"href":"https:\/\/irankiuzona.lt\/ru\/wp-json\/wp\/v2\/product\/430464\/revisions"}],"predecessor-version":[{"id":430465,"href":"https:\/\/irankiuzona.lt\/ru\/wp-json\/wp\/v2\/product\/430464\/revisions\/430465"}],"wp:featuredmedia":[{"embeddable":true,"href":"https:\/\/irankiuzona.lt\/ru\/wp-json\/wp\/v2\/media\/263125"}],"wp:attachment":[{"href":"https:\/\/irankiuzona.lt\/ru\/wp-json\/wp\/v2\/media?parent=430464"}],"wp:term":[{"taxonomy":"product_cat","embeddable":true,"href":"https:\/\/irankiuzona.lt\/ru\/wp-json\/wp\/v2\/product_cat?post=430464"},{"taxonomy":"product_tag","embeddable":true,"href":"https:\/\/irankiuzona.lt\/ru\/wp-json\/wp\/v2\/product_tag?post=430464"}],"curies":[{"name":"wp","href":"https:\/\/api.w.org\/{rel}","templated":true}]}}