{"id":430466,"date":"2026-03-15T02:31:21","date_gmt":"2026-03-15T02:31:21","guid":{"rendered":"https:\/\/irankiuzona.lt\/product\/siurbliukas-greztuvui-3\/"},"modified":"2026-04-20T17:20:52","modified_gmt":"2026-04-20T17:20:52","slug":"siurbliukas-greztuvui-3","status":"publish","type":"product","link":"https:\/\/irankiuzona.lt\/ru\/product\/siurbliukas-greztuvui-3\/","title":{"rendered":"Siurbliukas gr\u0119\u017etuvui"},"content":{"rendered":"<p>na\u0161umas: 2,4mm3\/valjungtis: \u00be&quot; (19 mm)sl\u0117gis: maks. 3 baraik\u0117limo auk\u0161tis: maks. 30 msiurbimo auk\u0161tis: maks. 3 mskys\u010dio temperat\u016bra: maks. 40\u00b0Csauso veikimo laikas: maks. 12 sekund\u017ei\u0173maks. 3400 aps.\/min<\/p>","protected":false},"excerpt":{"rendered":"<p>Siurbliukas gr\u0119\u017etuvui<\/p>","protected":false},"featured_media":264588,"comment_status":"open","ping_status":"open","template":"","meta":[],"product_cat":[9434],"product_tag":[10130],"class_list":{"0":"post-430466","1":"product","2":"type-product","3":"status-publish","4":"has-post-thumbnail","6":"product_brand-satra-lenkija","7":"product_cat-priedai-greztuvams","8":"product_tag-satra-lenkija","10":"first","11":"instock","12":"purchasable","13":"product-type-simple"},"jetpack_sharing_enabled":true,"_links":{"self":[{"href":"https:\/\/irankiuzona.lt\/ru\/wp-json\/wp\/v2\/product\/430466","targetHints":{"allow":["GET"]}}],"collection":[{"href":"https:\/\/irankiuzona.lt\/ru\/wp-json\/wp\/v2\/product"}],"about":[{"href":"https:\/\/irankiuzona.lt\/ru\/wp-json\/wp\/v2\/types\/product"}],"replies":[{"embeddable":true,"href":"https:\/\/irankiuzona.lt\/ru\/wp-json\/wp\/v2\/comments?post=430466"}],"version-history":[{"count":1,"href":"https:\/\/irankiuzona.lt\/ru\/wp-json\/wp\/v2\/product\/430466\/revisions"}],"predecessor-version":[{"id":430467,"href":"https:\/\/irankiuzona.lt\/ru\/wp-json\/wp\/v2\/product\/430466\/revisions\/430467"}],"wp:featuredmedia":[{"embeddable":true,"href":"https:\/\/irankiuzona.lt\/ru\/wp-json\/wp\/v2\/media\/264588"}],"wp:attachment":[{"href":"https:\/\/irankiuzona.lt\/ru\/wp-json\/wp\/v2\/media?parent=430466"}],"wp:term":[{"taxonomy":"product_cat","embeddable":true,"href":"https:\/\/irankiuzona.lt\/ru\/wp-json\/wp\/v2\/product_cat?post=430466"},{"taxonomy":"product_tag","embeddable":true,"href":"https:\/\/irankiuzona.lt\/ru\/wp-json\/wp\/v2\/product_tag?post=430466"}],"curies":[{"name":"wp","href":"https:\/\/api.w.org\/{rel}","templated":true}]}}