{"id":430525,"date":"2026-03-15T13:55:20","date_gmt":"2026-03-15T13:55:20","guid":{"rendered":"https:\/\/irankiuzona.lt\/product\/ozono-generatorius-60000-mg-h-2\/"},"modified":"2026-04-15T13:34:42","modified_gmt":"2026-04-15T13:34:42","slug":"ozono-generatorius-60000-mg-h-2","status":"publish","type":"product","link":"https:\/\/irankiuzona.lt\/ru\/product\/ozono-generatorius-60000-mg-h-2\/","title":{"rendered":"Ozono generatorius 60000 mg\/h"},"content":{"rendered":"<p>Korpuso med\u017eiaga: ner\u016bdijantis plienasGalia: 140W\u012etampa: 220\u2013240 V (50\u201360 Hz)Efektyvumas: 60000 mg\/valLaikmatis: 1-60 min.Matmenys: 210x150x180 mmOzonavimas yra valymo ir dezinfekavimo technologija naudojant ozon\u0105. Ozono generatorius skirtas oro ir patalp\u0173 ar automobili\u0173 dezinfekcijai ir ozonavimui.<\/p>","protected":false},"excerpt":{"rendered":"<p>Patalp\u0173 ozonatorius &#8211; Ozono generatorius 60000mg\/val , ner\u016bdijan\u010dio plieno.<\/p>","protected":false},"featured_media":374249,"comment_status":"open","ping_status":"open","template":"","meta":[],"product_cat":[9998],"product_tag":[10130],"class_list":{"0":"post-430525","1":"product","2":"type-product","3":"status-publish","4":"has-post-thumbnail","6":"product_brand-satra-lenkija","7":"product_cat-patalpu-remonto-irankiai-maisai-tentai-peiliukai-markeriai-izoliacines-juostos","8":"product_tag-satra-lenkija","10":"first","11":"outofstock","12":"purchasable","13":"product-type-simple"},"jetpack_sharing_enabled":true,"_links":{"self":[{"href":"https:\/\/irankiuzona.lt\/ru\/wp-json\/wp\/v2\/product\/430525","targetHints":{"allow":["GET"]}}],"collection":[{"href":"https:\/\/irankiuzona.lt\/ru\/wp-json\/wp\/v2\/product"}],"about":[{"href":"https:\/\/irankiuzona.lt\/ru\/wp-json\/wp\/v2\/types\/product"}],"replies":[{"embeddable":true,"href":"https:\/\/irankiuzona.lt\/ru\/wp-json\/wp\/v2\/comments?post=430525"}],"version-history":[{"count":1,"href":"https:\/\/irankiuzona.lt\/ru\/wp-json\/wp\/v2\/product\/430525\/revisions"}],"predecessor-version":[{"id":430526,"href":"https:\/\/irankiuzona.lt\/ru\/wp-json\/wp\/v2\/product\/430525\/revisions\/430526"}],"wp:featuredmedia":[{"embeddable":true,"href":"https:\/\/irankiuzona.lt\/ru\/wp-json\/wp\/v2\/media\/374249"}],"wp:attachment":[{"href":"https:\/\/irankiuzona.lt\/ru\/wp-json\/wp\/v2\/media?parent=430525"}],"wp:term":[{"taxonomy":"product_cat","embeddable":true,"href":"https:\/\/irankiuzona.lt\/ru\/wp-json\/wp\/v2\/product_cat?post=430525"},{"taxonomy":"product_tag","embeddable":true,"href":"https:\/\/irankiuzona.lt\/ru\/wp-json\/wp\/v2\/product_tag?post=430525"}],"curies":[{"name":"wp","href":"https:\/\/api.w.org\/{rel}","templated":true}]}}