{"id":430541,"date":"2026-03-15T14:23:21","date_gmt":"2026-03-15T14:23:21","guid":{"rendered":"https:\/\/irankiuzona.lt\/product\/irankiai-mb-1-6-2-0\/"},"modified":"2026-05-16T17:24:19","modified_gmt":"2026-05-16T17:24:19","slug":"irankiai-mb-1-6-2-0","status":"publish","type":"product","link":"https:\/\/irankiuzona.lt\/ru\/product\/irankiai-mb-1-6-2-0\/","title":{"rendered":"\u012erankiai MB 1.6\/2.0"},"content":{"rendered":"<p>Specializuotas fiksavimo \u012frankis, skirtas \u201eMercedes-Benz OM654\u201c 1,6 litro ir 2,0 litr\u0173 dyzeliniams varikliams su gale sumontuota fiksavimo grandine.<br \/>\nNaudodami SATRA fiksavimo \u012frank\u012f, galite u\u017efiksuoti paskirstymo velenus ir alk\u016bnin\u012f velenus teisingoje pad\u0117tyje, kad gal\u0117tum\u0117te pakeisti grandin\u0119 arba patikrinti fiksavimo laik\u0105.<br \/>\nTransporto priemoni\u0173 pritaikymas:<br \/>\n A klas\u0117 \/ B klas\u0117 \/ CLA \/ GLC kup\u0117 \/ GLB \/ GLE \/ V klas\u0117 \/ Vito (nuo 2019 m.) C klas\u0117 \/ CLS (nuo 2018 m.) E klas\u0117 (nuo 2016 m.)<br \/>\nVARIKLIAI: 1,6 l (654,916) ir 2,0 l (654,920)<br \/>\nOEM: W654 589 00 40 00 \/ W654 589 01 40 00 \/ W654 589 00 21 00<\/p>","protected":false},"excerpt":{"rendered":"<p>Fiksavimo \u012frankis Mercedes-Benz 1.6\/2.0<\/p>","protected":false},"featured_media":430543,"comment_status":"open","ping_status":"open","template":"","meta":[],"product_cat":[9863],"product_tag":[10130],"class_list":{"0":"post-430541","1":"product","2":"type-product","3":"status-publish","4":"has-post-thumbnail","6":"product_brand-satra-lenkija","7":"product_cat-mercedes-benz-blokatoriai","8":"product_tag-satra-lenkija","10":"first","11":"instock","12":"purchasable","13":"product-type-simple"},"jetpack_sharing_enabled":true,"_links":{"self":[{"href":"https:\/\/irankiuzona.lt\/ru\/wp-json\/wp\/v2\/product\/430541","targetHints":{"allow":["GET"]}}],"collection":[{"href":"https:\/\/irankiuzona.lt\/ru\/wp-json\/wp\/v2\/product"}],"about":[{"href":"https:\/\/irankiuzona.lt\/ru\/wp-json\/wp\/v2\/types\/product"}],"replies":[{"embeddable":true,"href":"https:\/\/irankiuzona.lt\/ru\/wp-json\/wp\/v2\/comments?post=430541"}],"version-history":[{"count":1,"href":"https:\/\/irankiuzona.lt\/ru\/wp-json\/wp\/v2\/product\/430541\/revisions"}],"predecessor-version":[{"id":430542,"href":"https:\/\/irankiuzona.lt\/ru\/wp-json\/wp\/v2\/product\/430541\/revisions\/430542"}],"wp:featuredmedia":[{"embeddable":true,"href":"https:\/\/irankiuzona.lt\/ru\/wp-json\/wp\/v2\/media\/430543"}],"wp:attachment":[{"href":"https:\/\/irankiuzona.lt\/ru\/wp-json\/wp\/v2\/media?parent=430541"}],"wp:term":[{"taxonomy":"product_cat","embeddable":true,"href":"https:\/\/irankiuzona.lt\/ru\/wp-json\/wp\/v2\/product_cat?post=430541"},{"taxonomy":"product_tag","embeddable":true,"href":"https:\/\/irankiuzona.lt\/ru\/wp-json\/wp\/v2\/product_tag?post=430541"}],"curies":[{"name":"wp","href":"https:\/\/api.w.org\/{rel}","templated":true}]}}