{"id":430556,"date":"2026-03-15T14:24:23","date_gmt":"2026-03-15T14:24:23","guid":{"rendered":"https:\/\/irankiuzona.lt\/product\/galvute-asies-verzlems-atsukti-32mm-ford\/"},"modified":"2026-04-21T10:48:50","modified_gmt":"2026-04-21T10:48:50","slug":"galvute-asies-verzlems-atsukti-32mm-ford","status":"publish","type":"product","link":"https:\/\/irankiuzona.lt\/ru\/product\/galvute-asies-verzlems-atsukti-32mm-ford\/","title":{"rendered":"Galvut\u0117 a\u0161ies ver\u017el\u0117ms atsukti. 32MM FORD"},"content":{"rendered":"<p>C-MAX ENERGI (2014\u20132018) C-MAX (2018\u20132019) FOCUS (nuo 2018) KUGA (nuo 2017) MUSTANG (nuo 2015) CONNECT Mk2 ir TURNEO CONNECT (nuo 2017) <\/p>\n<p>Suderinamas su a\u0161ies ver\u017el\u0117mis (\u201eFord\u201c) OEM 2 216 529 (M22 \u00d7 1,5) <\/p>\n<p>Techniniai duomenys:<\/p>\n<p> Pavara: 1\/2 colio + \u0161e\u0161iakampis SW30<br \/>\nDydis: 32 mm<br \/>\nIlgis: 50 mm<br \/>\nPlotis: 48 mm<\/p>","protected":false},"excerpt":{"rendered":"<p>FORD RUTULINIS KAI\u0160\u010cIO DANGTELIS \u2013 32 mm<\/p>","protected":false},"featured_media":430558,"comment_status":"open","ping_status":"open","template":"","meta":[],"product_cat":[9925],"product_tag":[10131],"class_list":{"0":"post-430556","1":"product","2":"type-product","3":"status-publish","4":"has-post-thumbnail","6":"product_brand-asta-lenkija","7":"product_cat-irankiai-vaziuokles-remontui","8":"product_tag-asta-lenkija","10":"first","11":"instock","12":"purchasable","13":"product-type-simple"},"jetpack_sharing_enabled":true,"_links":{"self":[{"href":"https:\/\/irankiuzona.lt\/ru\/wp-json\/wp\/v2\/product\/430556","targetHints":{"allow":["GET"]}}],"collection":[{"href":"https:\/\/irankiuzona.lt\/ru\/wp-json\/wp\/v2\/product"}],"about":[{"href":"https:\/\/irankiuzona.lt\/ru\/wp-json\/wp\/v2\/types\/product"}],"replies":[{"embeddable":true,"href":"https:\/\/irankiuzona.lt\/ru\/wp-json\/wp\/v2\/comments?post=430556"}],"version-history":[{"count":1,"href":"https:\/\/irankiuzona.lt\/ru\/wp-json\/wp\/v2\/product\/430556\/revisions"}],"predecessor-version":[{"id":430557,"href":"https:\/\/irankiuzona.lt\/ru\/wp-json\/wp\/v2\/product\/430556\/revisions\/430557"}],"wp:featuredmedia":[{"embeddable":true,"href":"https:\/\/irankiuzona.lt\/ru\/wp-json\/wp\/v2\/media\/430558"}],"wp:attachment":[{"href":"https:\/\/irankiuzona.lt\/ru\/wp-json\/wp\/v2\/media?parent=430556"}],"wp:term":[{"taxonomy":"product_cat","embeddable":true,"href":"https:\/\/irankiuzona.lt\/ru\/wp-json\/wp\/v2\/product_cat?post=430556"},{"taxonomy":"product_tag","embeddable":true,"href":"https:\/\/irankiuzona.lt\/ru\/wp-json\/wp\/v2\/product_tag?post=430556"}],"curies":[{"name":"wp","href":"https:\/\/api.w.org\/{rel}","templated":true}]}}