{"id":430559,"date":"2026-03-15T14:24:31","date_gmt":"2026-03-15T14:24:31","guid":{"rendered":"https:\/\/irankiuzona.lt\/product\/adapteriai-ilgintuvai-23vnt\/"},"modified":"2026-04-23T10:42:47","modified_gmt":"2026-04-23T10:42:47","slug":"adapteriai-ilgintuvai-23vnt","status":"publish","type":"product","link":"https:\/\/irankiuzona.lt\/ru\/product\/adapteriai-ilgintuvai-23vnt\/","title":{"rendered":"Adapteriai ilgintuvai 23vnt."},"content":{"rendered":"<p>Dydis: 3\/8&#215;5\/8&quot;, 3\/8&#215;13\/16&quot;, u\u017edegimo \u017evaki\u0173 galvut\u0117, 1\/4&quot;, 38 mm, 75 mm, 150 mm, 3\/8&quot;, 38 mm, 75 mm, 150 mm, 250 mm, 1\/2&quot;, 38 mm, 75 mm, 150 mm, 250 mm, 375 mm prailginimo strypas, 1\/2&quot;, 3\/8&quot;, 1\/4&quot;, universali jungtis, 1\/4&quot;, antgalio adapteris, 1\/4\u201dF-3\/8\u201dM pavara, 3\/8\u201dF-1\/4\u201dM pavara, 3\/8\u201dF-1\/2\u201dM pavara, 1\/2\u201dF-3\/8\u201dM, 1\/2\u201dF-3\/4\u201dM pavaros adapteriai.<\/p>","protected":false},"excerpt":{"rendered":"<p>Adapteri\u0173 \u0161arnyr\u0173 ilgintuv\u0173 rinkinys | 23 vnt<\/p>","protected":false},"featured_media":430561,"comment_status":"open","ping_status":"open","template":"","meta":[],"product_cat":[9870],"product_tag":[9435],"class_list":{"0":"post-430559","1":"product","2":"type-product","3":"status-publish","4":"has-post-thumbnail","6":"product_brand-kinija","7":"product_cat-deklai-i-vezimus-su-irankiais-ir-tusti","8":"product_tag-kinija","10":"first","11":"instock","12":"purchasable","13":"product-type-simple"},"jetpack_sharing_enabled":true,"_links":{"self":[{"href":"https:\/\/irankiuzona.lt\/ru\/wp-json\/wp\/v2\/product\/430559","targetHints":{"allow":["GET"]}}],"collection":[{"href":"https:\/\/irankiuzona.lt\/ru\/wp-json\/wp\/v2\/product"}],"about":[{"href":"https:\/\/irankiuzona.lt\/ru\/wp-json\/wp\/v2\/types\/product"}],"replies":[{"embeddable":true,"href":"https:\/\/irankiuzona.lt\/ru\/wp-json\/wp\/v2\/comments?post=430559"}],"version-history":[{"count":1,"href":"https:\/\/irankiuzona.lt\/ru\/wp-json\/wp\/v2\/product\/430559\/revisions"}],"predecessor-version":[{"id":430560,"href":"https:\/\/irankiuzona.lt\/ru\/wp-json\/wp\/v2\/product\/430559\/revisions\/430560"}],"wp:featuredmedia":[{"embeddable":true,"href":"https:\/\/irankiuzona.lt\/ru\/wp-json\/wp\/v2\/media\/430561"}],"wp:attachment":[{"href":"https:\/\/irankiuzona.lt\/ru\/wp-json\/wp\/v2\/media?parent=430559"}],"wp:term":[{"taxonomy":"product_cat","embeddable":true,"href":"https:\/\/irankiuzona.lt\/ru\/wp-json\/wp\/v2\/product_cat?post=430559"},{"taxonomy":"product_tag","embeddable":true,"href":"https:\/\/irankiuzona.lt\/ru\/wp-json\/wp\/v2\/product_tag?post=430559"}],"curies":[{"name":"wp","href":"https:\/\/api.w.org\/{rel}","templated":true}]}}