{"id":430562,"date":"2026-03-15T14:24:35","date_gmt":"2026-03-15T14:24:35","guid":{"rendered":"https:\/\/irankiuzona.lt\/product\/sesiakampiai-raktai-apvaliu-galu-9vnt-h15-h10mm\/"},"modified":"2026-04-21T17:01:32","modified_gmt":"2026-04-21T17:01:32","slug":"sesiakampiai-raktai-apvaliu-galu-9vnt-h15-h10mm","status":"publish","type":"product","link":"https:\/\/irankiuzona.lt\/ru\/product\/sesiakampiai-raktai-apvaliu-galu-9vnt-h15-h10mm\/","title":{"rendered":"\u0160e\u0161iakampiai raktai apvaliu galu 9vnt.H1,5-H10mm"},"content":{"rendered":"<p>Dyd\u017eiai: 1,5, 2, 2,5, 3, 4, 5, 6, 7, 8, 10<\/p>","protected":false},"excerpt":{"rendered":"<p>Lenkt\u0173 L-formos \u0161e\u0161iakampi\u0173 komplektas HEX<\/p>","protected":false},"featured_media":430564,"comment_status":"open","ping_status":"open","template":"","meta":[],"product_cat":[9882],"product_tag":[10131],"class_list":{"0":"post-430562","1":"product","2":"type-product","3":"status-publish","4":"has-post-thumbnail","6":"product_brand-asta-lenkija","7":"product_cat-l-formos-hex-raktai","8":"product_tag-asta-lenkija","10":"first","11":"instock","12":"purchasable","13":"product-type-simple"},"jetpack_sharing_enabled":true,"_links":{"self":[{"href":"https:\/\/irankiuzona.lt\/ru\/wp-json\/wp\/v2\/product\/430562","targetHints":{"allow":["GET"]}}],"collection":[{"href":"https:\/\/irankiuzona.lt\/ru\/wp-json\/wp\/v2\/product"}],"about":[{"href":"https:\/\/irankiuzona.lt\/ru\/wp-json\/wp\/v2\/types\/product"}],"replies":[{"embeddable":true,"href":"https:\/\/irankiuzona.lt\/ru\/wp-json\/wp\/v2\/comments?post=430562"}],"version-history":[{"count":1,"href":"https:\/\/irankiuzona.lt\/ru\/wp-json\/wp\/v2\/product\/430562\/revisions"}],"predecessor-version":[{"id":430563,"href":"https:\/\/irankiuzona.lt\/ru\/wp-json\/wp\/v2\/product\/430562\/revisions\/430563"}],"wp:featuredmedia":[{"embeddable":true,"href":"https:\/\/irankiuzona.lt\/ru\/wp-json\/wp\/v2\/media\/430564"}],"wp:attachment":[{"href":"https:\/\/irankiuzona.lt\/ru\/wp-json\/wp\/v2\/media?parent=430562"}],"wp:term":[{"taxonomy":"product_cat","embeddable":true,"href":"https:\/\/irankiuzona.lt\/ru\/wp-json\/wp\/v2\/product_cat?post=430562"},{"taxonomy":"product_tag","embeddable":true,"href":"https:\/\/irankiuzona.lt\/ru\/wp-json\/wp\/v2\/product_tag?post=430562"}],"curies":[{"name":"wp","href":"https:\/\/api.w.org\/{rel}","templated":true}]}}