{"id":430595,"date":"2026-03-15T14:27:00","date_gmt":"2026-03-15T14:27:00","guid":{"rendered":"https:\/\/irankiuzona.lt\/product\/smuginiu-1-2-torx-antgaliu-komplektas-t30-t80-2\/"},"modified":"2026-04-21T15:06:53","modified_gmt":"2026-04-21T15:06:53","slug":"smuginiu-1-2-torx-antgaliu-komplektas-t30-t80-2","status":"publish","type":"product","link":"https:\/\/irankiuzona.lt\/ru\/product\/smuginiu-1-2-torx-antgaliu-komplektas-t30-t80-2\/","title":{"rendered":"Sm\u016bgini\u0173 1\/2 TORX antgali\u0173 komplektas \/ T30-T80"},"content":{"rendered":"<p>Rinkin\u012f sudaro 8 1\/2 colio TORX monolitin\u0117s galvut\u0117s ir plastikinis d\u0117klas.<br \/>\nDyd\u017eiai: T30, T40, T45, T50, T55, T60, T70, T80.<br \/>\nBendras ilgis: 78 mm<\/p>","protected":false},"excerpt":{"rendered":"<p>TORX sm\u016bgini\u0173 antgali\u0173 rinkinys 1\/2 colio, 8 vnt.<\/p>","protected":false},"featured_media":430597,"comment_status":"open","ping_status":"open","template":"","meta":[],"product_cat":[9813],"product_tag":[10130],"class_list":{"0":"post-430595","1":"product","2":"type-product","3":"status-publish","4":"has-post-thumbnail","6":"product_brand-satra-lenkija","7":"product_cat-torx-smuginiai-antgaliai","8":"product_tag-satra-lenkija","10":"first","11":"instock","12":"purchasable","13":"product-type-simple"},"jetpack_sharing_enabled":true,"_links":{"self":[{"href":"https:\/\/irankiuzona.lt\/ru\/wp-json\/wp\/v2\/product\/430595","targetHints":{"allow":["GET"]}}],"collection":[{"href":"https:\/\/irankiuzona.lt\/ru\/wp-json\/wp\/v2\/product"}],"about":[{"href":"https:\/\/irankiuzona.lt\/ru\/wp-json\/wp\/v2\/types\/product"}],"replies":[{"embeddable":true,"href":"https:\/\/irankiuzona.lt\/ru\/wp-json\/wp\/v2\/comments?post=430595"}],"version-history":[{"count":1,"href":"https:\/\/irankiuzona.lt\/ru\/wp-json\/wp\/v2\/product\/430595\/revisions"}],"predecessor-version":[{"id":430596,"href":"https:\/\/irankiuzona.lt\/ru\/wp-json\/wp\/v2\/product\/430595\/revisions\/430596"}],"wp:featuredmedia":[{"embeddable":true,"href":"https:\/\/irankiuzona.lt\/ru\/wp-json\/wp\/v2\/media\/430597"}],"wp:attachment":[{"href":"https:\/\/irankiuzona.lt\/ru\/wp-json\/wp\/v2\/media?parent=430595"}],"wp:term":[{"taxonomy":"product_cat","embeddable":true,"href":"https:\/\/irankiuzona.lt\/ru\/wp-json\/wp\/v2\/product_cat?post=430595"},{"taxonomy":"product_tag","embeddable":true,"href":"https:\/\/irankiuzona.lt\/ru\/wp-json\/wp\/v2\/product_tag?post=430595"}],"curies":[{"name":"wp","href":"https:\/\/api.w.org\/{rel}","templated":true}]}}