{"id":430601,"date":"2026-03-15T14:27:31","date_gmt":"2026-03-15T14:27:31","guid":{"rendered":"https:\/\/irankiuzona.lt\/product\/lekste-tepalo-filtrui-toyota-645mm-14-kampu\/"},"modified":"2026-04-13T07:41:39","modified_gmt":"2026-04-13T07:41:39","slug":"lekste-tepalo-filtrui-toyota-645mm-14-kampu","status":"publish","type":"product","link":"https:\/\/irankiuzona.lt\/ru\/product\/lekste-tepalo-filtrui-toyota-645mm-14-kampu\/","title":{"rendered":"L\u0117k\u0161t\u0117 tepalo filtrui Toyota 64,5mm 14-kamp\u0173"},"content":{"rendered":"<p>Lizdinis raktas, skirtas alyvos filtrams i\u0161imti \/ sumontuoti.<br \/>\nUnikalus dizainas u\u017etikrina tiksl\u0173 pritaikym\u0105 ir greit\u0105, saug\u0173 alyvos filtro keitim\u0105 be pavojaus j\u012f pa\u017eeisti.<br \/>\nPavaros svirtis: 3\/8 colio arba 24 mm ver\u017eliaraktis Dydis: 64,5 mm x 14 colio.<br \/>\nTaikymas: AURIS, COROLLA, PREMIO, PRIUS.<br \/>\nVariklis: 1800 cm\u00b3, 2000 cm\u00b3<\/p>","protected":false},"excerpt":{"rendered":"<p>TOYOTA alyvos filtro raktas \u2013 64,5 mm<\/p>","protected":false},"featured_media":430603,"comment_status":"open","ping_status":"open","template":"","meta":[],"product_cat":[9705],"product_tag":[10130],"class_list":{"0":"post-430601","1":"product","2":"type-product","3":"status-publish","4":"has-post-thumbnail","6":"product_brand-satra-lenkija","7":"product_cat-galvutes-tepalo-filtrui","8":"product_tag-satra-lenkija","10":"first","11":"instock","12":"purchasable","13":"product-type-simple"},"jetpack_sharing_enabled":true,"_links":{"self":[{"href":"https:\/\/irankiuzona.lt\/ru\/wp-json\/wp\/v2\/product\/430601","targetHints":{"allow":["GET"]}}],"collection":[{"href":"https:\/\/irankiuzona.lt\/ru\/wp-json\/wp\/v2\/product"}],"about":[{"href":"https:\/\/irankiuzona.lt\/ru\/wp-json\/wp\/v2\/types\/product"}],"replies":[{"embeddable":true,"href":"https:\/\/irankiuzona.lt\/ru\/wp-json\/wp\/v2\/comments?post=430601"}],"version-history":[{"count":1,"href":"https:\/\/irankiuzona.lt\/ru\/wp-json\/wp\/v2\/product\/430601\/revisions"}],"predecessor-version":[{"id":430602,"href":"https:\/\/irankiuzona.lt\/ru\/wp-json\/wp\/v2\/product\/430601\/revisions\/430602"}],"wp:featuredmedia":[{"embeddable":true,"href":"https:\/\/irankiuzona.lt\/ru\/wp-json\/wp\/v2\/media\/430603"}],"wp:attachment":[{"href":"https:\/\/irankiuzona.lt\/ru\/wp-json\/wp\/v2\/media?parent=430601"}],"wp:term":[{"taxonomy":"product_cat","embeddable":true,"href":"https:\/\/irankiuzona.lt\/ru\/wp-json\/wp\/v2\/product_cat?post=430601"},{"taxonomy":"product_tag","embeddable":true,"href":"https:\/\/irankiuzona.lt\/ru\/wp-json\/wp\/v2\/product_tag?post=430601"}],"curies":[{"name":"wp","href":"https:\/\/api.w.org\/{rel}","templated":true}]}}