{"id":430604,"date":"2026-03-15T14:28:02","date_gmt":"2026-03-15T14:28:02","guid":{"rendered":"https:\/\/irankiuzona.lt\/product\/purkstuks-isemejas-common-rail-1-6-2-0-tdi-vag\/"},"modified":"2026-04-13T04:08:06","modified_gmt":"2026-04-13T04:08:06","slug":"purkstuks-isemejas-common-rail-1-6-2-0-tdi-vag","status":"publish","type":"product","link":"https:\/\/irankiuzona.lt\/ru\/product\/purkstuks-isemejas-common-rail-1-6-2-0-tdi-vag\/","title":{"rendered":"Purk\u0161tuk\u0161 i\u0161\u0117m\u0117jas common rail 1.6\/2.0 TDI VAG"},"content":{"rendered":"<p>Skirta u\u017estrigusiems purk\u0161tukams \u0161alinti.<br \/>\nTaip pat tinka 2.0 Ford EcoBlue dyzeliniams varikliams nuo 2022 m.<br \/>\nOEM: T10402 ir T10415<br \/>\nTaikymas: Audi: A3 (2009\/2013) Seat: Ibiza (2008), Altea, Leon, Altea XL, Altea Freetrack (2009), Toledo (2013) VW: Golf (2009)<br \/>\nVariklis: CKFB, CKFC, CLHA, CLHB, CRKB, CRMB, CRVC, CUNA, CUPA, DJGA, DTRC, DTRE, DTRF<br \/>\nMed\u017eiaga: CR-Mo plienas<\/p>","protected":false},"excerpt":{"rendered":"<p>\u201eCOMMON RAIL\u201c PURK\u0160TUK\u0172 I\u0160\u0116M\u0116JAS 1.6 \/ 2.0 TDI<\/p>","protected":false},"featured_media":430606,"comment_status":"open","ping_status":"open","template":"","meta":[],"product_cat":[9701],"product_tag":[10130],"class_list":{"0":"post-430604","1":"product","2":"type-product","3":"status-publish","4":"has-post-thumbnail","6":"product_brand-satra-lenkija","7":"product_cat-purkstuku-istraukimui","8":"product_tag-satra-lenkija","10":"first","11":"instock","12":"purchasable","13":"product-type-simple"},"jetpack_sharing_enabled":true,"_links":{"self":[{"href":"https:\/\/irankiuzona.lt\/ru\/wp-json\/wp\/v2\/product\/430604","targetHints":{"allow":["GET"]}}],"collection":[{"href":"https:\/\/irankiuzona.lt\/ru\/wp-json\/wp\/v2\/product"}],"about":[{"href":"https:\/\/irankiuzona.lt\/ru\/wp-json\/wp\/v2\/types\/product"}],"replies":[{"embeddable":true,"href":"https:\/\/irankiuzona.lt\/ru\/wp-json\/wp\/v2\/comments?post=430604"}],"version-history":[{"count":1,"href":"https:\/\/irankiuzona.lt\/ru\/wp-json\/wp\/v2\/product\/430604\/revisions"}],"predecessor-version":[{"id":430605,"href":"https:\/\/irankiuzona.lt\/ru\/wp-json\/wp\/v2\/product\/430604\/revisions\/430605"}],"wp:featuredmedia":[{"embeddable":true,"href":"https:\/\/irankiuzona.lt\/ru\/wp-json\/wp\/v2\/media\/430606"}],"wp:attachment":[{"href":"https:\/\/irankiuzona.lt\/ru\/wp-json\/wp\/v2\/media?parent=430604"}],"wp:term":[{"taxonomy":"product_cat","embeddable":true,"href":"https:\/\/irankiuzona.lt\/ru\/wp-json\/wp\/v2\/product_cat?post=430604"},{"taxonomy":"product_tag","embeddable":true,"href":"https:\/\/irankiuzona.lt\/ru\/wp-json\/wp\/v2\/product_tag?post=430604"}],"curies":[{"name":"wp","href":"https:\/\/api.w.org\/{rel}","templated":true}]}}