{"id":430658,"date":"2026-03-15T14:32:25","date_gmt":"2026-03-15T14:32:25","guid":{"rendered":"https:\/\/irankiuzona.lt\/product\/ipurskimo-siurblio-fiksatorius-nissan-2-2-2-5\/"},"modified":"2026-04-03T21:23:32","modified_gmt":"2026-04-03T21:23:32","slug":"ipurskimo-siurblio-fiksatorius-nissan-2-2-2-5","status":"publish","type":"product","link":"https:\/\/irankiuzona.lt\/ru\/product\/ipurskimo-siurblio-fiksatorius-nissan-2-2-2-5\/","title":{"rendered":"\u012epur\u0161kimo siurblio fiksatorius NISSAN 2.2 \/ 2.5"},"content":{"rendered":"<p>\u201eNissan\u201c 2.2 ir 2.5 dyzeliniuose varikliuose.<br \/>\n\u0160is \u012frankis leid\u017eia saugiai nuimti \u012fpur\u0161kimo siurbl\u012f nepa\u017eeid\u017eiant paskirstymo grandin\u0117s \u012ftempimo, u\u017ekertant keli\u0105 vo\u017etuv\u0173 paskirstymo netikslumui ir suma\u017einant variklio pa\u017eeidimo rizik\u0105 technin\u0117s prie\u017ei\u016bros metu.<br \/>\n\u0160is sprendimas \u017eymiai sutrumpina remonto laik\u0105 ir padidina eksploatavimo saug\u0105.<br \/>\nFiksavimo \u012frankis pagamintas i\u0161 patvari\u0173 med\u017eiag\u0173, u\u017etikrinan\u010di\u0173 ilgaam\u017ei\u0161kum\u0105 ir tiksl\u0173 prigludim\u0105 prie paskirstymo sistemos komponent\u0173.<br \/>\nRinkinio turinys:<br \/>\nSiurblio pad\u0117ties nustatymo kai\u0161tis \u012epur\u0161kimo siurblio \u017evaigzdel\u0117s fiksavimo \u012frankis<br \/>\nVarikliai: YD25DDT \/ YD25DDC (2.5 DI, 2.5 DDCI), YD22DDTI \/ YD22DDT (2.2 turbo dyzelinis variklis).<br \/>\nTaikymas: Almera (00-06) Cabstar (06-14) Murano (10-15) Navara (02-16) NP300 (08-13) NT400 (14-16) Pathfinder (04-16) Primera (02-06) X-Trail (01-07)<br \/>\nOriginalios \u012frangos gamintojas:<br \/>\nKV11106060<br \/>\nKV11106030<\/p>","protected":false},"excerpt":{"rendered":"<p>\u012epur\u0161kimo siurblio u\u017eraktas NISSAN 2.2 \/ 2.5<\/p>","protected":false},"featured_media":430660,"comment_status":"open","ping_status":"closed","template":"","meta":[],"product_cat":[9729],"product_tag":[10130],"class_list":{"0":"post-430658","1":"product","2":"type-product","3":"status-publish","4":"has-post-thumbnail","6":"product_brand-satra-lenkija","7":"product_cat-renault-nissan-blokatoriai","8":"product_tag-satra-lenkija","10":"first","11":"instock","12":"sale","13":"purchasable","14":"product-type-simple"},"jetpack_sharing_enabled":true,"_links":{"self":[{"href":"https:\/\/irankiuzona.lt\/ru\/wp-json\/wp\/v2\/product\/430658","targetHints":{"allow":["GET"]}}],"collection":[{"href":"https:\/\/irankiuzona.lt\/ru\/wp-json\/wp\/v2\/product"}],"about":[{"href":"https:\/\/irankiuzona.lt\/ru\/wp-json\/wp\/v2\/types\/product"}],"replies":[{"embeddable":true,"href":"https:\/\/irankiuzona.lt\/ru\/wp-json\/wp\/v2\/comments?post=430658"}],"version-history":[{"count":0,"href":"https:\/\/irankiuzona.lt\/ru\/wp-json\/wp\/v2\/product\/430658\/revisions"}],"wp:featuredmedia":[{"embeddable":true,"href":"https:\/\/irankiuzona.lt\/ru\/wp-json\/wp\/v2\/media\/430660"}],"wp:attachment":[{"href":"https:\/\/irankiuzona.lt\/ru\/wp-json\/wp\/v2\/media?parent=430658"}],"wp:term":[{"taxonomy":"product_cat","embeddable":true,"href":"https:\/\/irankiuzona.lt\/ru\/wp-json\/wp\/v2\/product_cat?post=430658"},{"taxonomy":"product_tag","embeddable":true,"href":"https:\/\/irankiuzona.lt\/ru\/wp-json\/wp\/v2\/product_tag?post=430658"}],"curies":[{"name":"wp","href":"https:\/\/api.w.org\/{rel}","templated":true}]}}