{"id":430673,"date":"2026-03-15T14:34:41","date_gmt":"2026-03-15T14:34:41","guid":{"rendered":"https:\/\/irankiuzona.lt\/product\/automobiliu-plovimo-sluostes-pirstines\/"},"modified":"2026-04-14T19:00:01","modified_gmt":"2026-04-14T19:00:01","slug":"automobiliu-plovimo-sluostes-pirstines","status":"publish","type":"product","link":"https:\/\/irankiuzona.lt\/ru\/product\/automobiliu-plovimo-sluostes-pirstines\/","title":{"rendered":"Automobili\u0173 plovimo \u0161luost\u0117s\/pir\u0161tin\u0117s"},"content":{"rendered":"<p>Med\u017eiaga: ilgas dvipusis \u0161enilinis aksomas (koralo formos aksomas, ilgis 3,5 cm)Spalva: pilka, m\u0117lyna, raudona, \u017ealia, kavos, violetin\u0117, geltona, ro\u017ein\u0117, dangaus m\u0117lynaDydis: apie 25 cm * 17 cm (ilgis * plotis)Svoris: apie 102 g\/vnt.<\/p>","protected":false},"excerpt":{"rendered":"<p>Automobili\u0173 plovimo \u0161luost\u0117 \/ pir\u0161tin\u0117s | \u0161enilin\u0117s | \u012fvairi\u0173 spalv\u0173<\/p>","protected":false},"featured_media":430675,"comment_status":"open","ping_status":"open","template":"","meta":[],"product_cat":[9697],"product_tag":[9435],"class_list":{"0":"post-430673","1":"product","2":"type-product","3":"status-publish","4":"has-post-thumbnail","6":"product_brand-kinija","7":"product_cat-aksesuarai-automobiliams","8":"product_tag-kinija","10":"first","11":"instock","12":"purchasable","13":"product-type-simple"},"jetpack_sharing_enabled":true,"_links":{"self":[{"href":"https:\/\/irankiuzona.lt\/ru\/wp-json\/wp\/v2\/product\/430673","targetHints":{"allow":["GET"]}}],"collection":[{"href":"https:\/\/irankiuzona.lt\/ru\/wp-json\/wp\/v2\/product"}],"about":[{"href":"https:\/\/irankiuzona.lt\/ru\/wp-json\/wp\/v2\/types\/product"}],"replies":[{"embeddable":true,"href":"https:\/\/irankiuzona.lt\/ru\/wp-json\/wp\/v2\/comments?post=430673"}],"version-history":[{"count":1,"href":"https:\/\/irankiuzona.lt\/ru\/wp-json\/wp\/v2\/product\/430673\/revisions"}],"predecessor-version":[{"id":430674,"href":"https:\/\/irankiuzona.lt\/ru\/wp-json\/wp\/v2\/product\/430673\/revisions\/430674"}],"wp:featuredmedia":[{"embeddable":true,"href":"https:\/\/irankiuzona.lt\/ru\/wp-json\/wp\/v2\/media\/430675"}],"wp:attachment":[{"href":"https:\/\/irankiuzona.lt\/ru\/wp-json\/wp\/v2\/media?parent=430673"}],"wp:term":[{"taxonomy":"product_cat","embeddable":true,"href":"https:\/\/irankiuzona.lt\/ru\/wp-json\/wp\/v2\/product_cat?post=430673"},{"taxonomy":"product_tag","embeddable":true,"href":"https:\/\/irankiuzona.lt\/ru\/wp-json\/wp\/v2\/product_tag?post=430673"}],"curies":[{"name":"wp","href":"https:\/\/api.w.org\/{rel}","templated":true}]}}