{"id":430676,"date":"2026-03-15T14:34:43","date_gmt":"2026-03-15T14:34:43","guid":{"rendered":"https:\/\/irankiuzona.lt\/product\/koralu-vilnos-automobiliu-plovimo-pirstines\/"},"modified":"2026-04-14T14:58:34","modified_gmt":"2026-04-14T14:58:34","slug":"koralu-vilnos-automobiliu-plovimo-pirstines","status":"publish","type":"product","link":"https:\/\/irankiuzona.lt\/ru\/product\/koralu-vilnos-automobiliu-plovimo-pirstines\/","title":{"rendered":"Koral\u0173 vilnos automobili\u0173 plovimo pir\u0161tin\u0117s"},"content":{"rendered":"<p>Ilgis: 25 cm \/ 9,84 colioPlotis: 29 cm \/ 11,42 colioPenki\u0173 pir\u0161t\u0173 dizainas, patogus d\u0117v\u0117ti, geriau dengia ir pasiekia sunkiai pasiekiamas vietas lanks\u010diais pir\u0161tais, kad pad\u0117t\u0173 kruop\u0161\u010diai i\u0161valyti automobil\u012f.Pagaminta i\u0161 auk\u0161tos kokyb\u0117s koral\u0173 aksomo med\u017eiagos, mink\u0161ta, patogi ir sugerianti, patvari naudoti.Universali: Elastin\u0117 mai\u0161elio anga, lanksti pir\u0161tin\u0117s anga, vidutinio sandarumo, dydis tinka visiems \u017emon\u0117ms, dr\u0117gniems ir automobilio pavir\u0161i\u0173 valymui.Skalbiamos skalbimo ma\u0161inoje ir daugkartinio naudojimo.Dvipusis dizainas: Automobili\u0173 plovimo pir\u0161tines galima naudoti i\u0161 abiej\u0173 pusi\u0173 detal\u0117ms valyti. Puikiai tinka automobiliams, sunkve\u017eimiams, motociklams, visureigiams, nameliams ant rat\u0173, valtims ar valtims su automobili\u0173 muilu.<\/p>","protected":false},"excerpt":{"rendered":"<p>Penki\u0173 pir\u0161t\u0173 koral\u0173 vilnos automobili\u0173 plovimo pir\u0161tin\u0117s<\/p>","protected":false},"featured_media":430678,"comment_status":"open","ping_status":"open","template":"","meta":[],"product_cat":[9697],"product_tag":[9435],"class_list":{"0":"post-430676","1":"product","2":"type-product","3":"status-publish","4":"has-post-thumbnail","6":"product_brand-kinija","7":"product_cat-aksesuarai-automobiliams","8":"product_tag-kinija","10":"first","11":"instock","12":"purchasable","13":"product-type-simple"},"jetpack_sharing_enabled":true,"_links":{"self":[{"href":"https:\/\/irankiuzona.lt\/ru\/wp-json\/wp\/v2\/product\/430676","targetHints":{"allow":["GET"]}}],"collection":[{"href":"https:\/\/irankiuzona.lt\/ru\/wp-json\/wp\/v2\/product"}],"about":[{"href":"https:\/\/irankiuzona.lt\/ru\/wp-json\/wp\/v2\/types\/product"}],"replies":[{"embeddable":true,"href":"https:\/\/irankiuzona.lt\/ru\/wp-json\/wp\/v2\/comments?post=430676"}],"version-history":[{"count":1,"href":"https:\/\/irankiuzona.lt\/ru\/wp-json\/wp\/v2\/product\/430676\/revisions"}],"predecessor-version":[{"id":430677,"href":"https:\/\/irankiuzona.lt\/ru\/wp-json\/wp\/v2\/product\/430676\/revisions\/430677"}],"wp:featuredmedia":[{"embeddable":true,"href":"https:\/\/irankiuzona.lt\/ru\/wp-json\/wp\/v2\/media\/430678"}],"wp:attachment":[{"href":"https:\/\/irankiuzona.lt\/ru\/wp-json\/wp\/v2\/media?parent=430676"}],"wp:term":[{"taxonomy":"product_cat","embeddable":true,"href":"https:\/\/irankiuzona.lt\/ru\/wp-json\/wp\/v2\/product_cat?post=430676"},{"taxonomy":"product_tag","embeddable":true,"href":"https:\/\/irankiuzona.lt\/ru\/wp-json\/wp\/v2\/product_tag?post=430676"}],"curies":[{"name":"wp","href":"https:\/\/api.w.org\/{rel}","templated":true}]}}