{"id":430679,"date":"2026-03-15T14:34:47","date_gmt":"2026-03-15T14:34:47","guid":{"rendered":"https:\/\/irankiuzona.lt\/product\/butano-dujos-227g-specialist\/"},"modified":"2026-04-12T19:12:14","modified_gmt":"2026-04-12T19:12:14","slug":"butano-dujos-227g-specialist","status":"publish","type":"product","link":"https:\/\/irankiuzona.lt\/ru\/product\/butano-dujos-227g-specialist\/","title":{"rendered":"Butano dujos 227g. SPECIALIST+"},"content":{"rendered":"<p>Butano dujos su vo\u017etuvu 227g 410ml Specialist+<br \/>\nButano dujos su vo\u017etuvuSvoris &#8211; 227gTalpa 410mlMaksimali darbin\u0117 temperat\u016bra 1200\u00b0 CNaudojamos kompaktin\u0117se butano vyrikl\u0117se ir su degikliaisDuj\u0173 balion\u0117lis atitinka EN417 2012 reikalavimus duj\u0173 balionamsPagaminta EU<\/p>","protected":false},"excerpt":{"rendered":"<p>Butano dujos su vo\u017etuvu 227g 410ml Specialist+<\/p>","protected":false},"featured_media":430681,"comment_status":"open","ping_status":"open","template":"","meta":[],"product_cat":[9856],"product_tag":[],"class_list":{"0":"post-430679","1":"product","2":"type-product","3":"status-publish","4":"has-post-thumbnail","6":"product_cat-duju-balioneliai","8":"first","9":"instock","10":"purchasable","11":"product-type-simple"},"jetpack_sharing_enabled":true,"_links":{"self":[{"href":"https:\/\/irankiuzona.lt\/ru\/wp-json\/wp\/v2\/product\/430679","targetHints":{"allow":["GET"]}}],"collection":[{"href":"https:\/\/irankiuzona.lt\/ru\/wp-json\/wp\/v2\/product"}],"about":[{"href":"https:\/\/irankiuzona.lt\/ru\/wp-json\/wp\/v2\/types\/product"}],"replies":[{"embeddable":true,"href":"https:\/\/irankiuzona.lt\/ru\/wp-json\/wp\/v2\/comments?post=430679"}],"version-history":[{"count":1,"href":"https:\/\/irankiuzona.lt\/ru\/wp-json\/wp\/v2\/product\/430679\/revisions"}],"predecessor-version":[{"id":430680,"href":"https:\/\/irankiuzona.lt\/ru\/wp-json\/wp\/v2\/product\/430679\/revisions\/430680"}],"wp:featuredmedia":[{"embeddable":true,"href":"https:\/\/irankiuzona.lt\/ru\/wp-json\/wp\/v2\/media\/430681"}],"wp:attachment":[{"href":"https:\/\/irankiuzona.lt\/ru\/wp-json\/wp\/v2\/media?parent=430679"}],"wp:term":[{"taxonomy":"product_cat","embeddable":true,"href":"https:\/\/irankiuzona.lt\/ru\/wp-json\/wp\/v2\/product_cat?post=430679"},{"taxonomy":"product_tag","embeddable":true,"href":"https:\/\/irankiuzona.lt\/ru\/wp-json\/wp\/v2\/product_tag?post=430679"}],"curies":[{"name":"wp","href":"https:\/\/api.w.org\/{rel}","templated":true}]}}