{"id":430685,"date":"2026-03-15T14:35:02","date_gmt":"2026-03-15T14:35:02","guid":{"rendered":"https:\/\/irankiuzona.lt\/product\/prailgintuvu-komplektas-5-vnt\/"},"modified":"2026-04-15T18:09:40","modified_gmt":"2026-04-15T18:09:40","slug":"prailgintuvu-komplektas-5-vnt","status":"publish","type":"product","link":"https:\/\/irankiuzona.lt\/ru\/product\/prailgintuvu-komplektas-5-vnt\/","title":{"rendered":"Prailgintuv\u0173 komplektas 5 vnt"},"content":{"rendered":"<p>5 dali\u0173 prailginimo stryp\u0173 rinkinys &#8211; 1\/2 col. skersmensDyd\u017eiai: 50 | 75 | 125 | 250 | 375 mmChromo vanad\u017eio plienas 50BV30&quot;<\/p>","protected":false},"excerpt":{"rendered":"<p>Ilgintuv\u0173 rinkinys galvut\u0117ms | Cr-V 50BV30 | 12,5 mm (1\/2&quot;) | 5 vnt.<\/p>","protected":false},"featured_media":430687,"comment_status":"open","ping_status":"open","template":"","meta":[],"product_cat":[9870],"product_tag":[9435],"class_list":{"0":"post-430685","1":"product","2":"type-product","3":"status-publish","4":"has-post-thumbnail","6":"product_brand-kinija","7":"product_cat-deklai-i-vezimus-su-irankiais-ir-tusti","8":"product_tag-kinija","10":"first","11":"instock","12":"purchasable","13":"product-type-simple"},"jetpack_sharing_enabled":true,"_links":{"self":[{"href":"https:\/\/irankiuzona.lt\/ru\/wp-json\/wp\/v2\/product\/430685","targetHints":{"allow":["GET"]}}],"collection":[{"href":"https:\/\/irankiuzona.lt\/ru\/wp-json\/wp\/v2\/product"}],"about":[{"href":"https:\/\/irankiuzona.lt\/ru\/wp-json\/wp\/v2\/types\/product"}],"replies":[{"embeddable":true,"href":"https:\/\/irankiuzona.lt\/ru\/wp-json\/wp\/v2\/comments?post=430685"}],"version-history":[{"count":1,"href":"https:\/\/irankiuzona.lt\/ru\/wp-json\/wp\/v2\/product\/430685\/revisions"}],"predecessor-version":[{"id":430686,"href":"https:\/\/irankiuzona.lt\/ru\/wp-json\/wp\/v2\/product\/430685\/revisions\/430686"}],"wp:featuredmedia":[{"embeddable":true,"href":"https:\/\/irankiuzona.lt\/ru\/wp-json\/wp\/v2\/media\/430687"}],"wp:attachment":[{"href":"https:\/\/irankiuzona.lt\/ru\/wp-json\/wp\/v2\/media?parent=430685"}],"wp:term":[{"taxonomy":"product_cat","embeddable":true,"href":"https:\/\/irankiuzona.lt\/ru\/wp-json\/wp\/v2\/product_cat?post=430685"},{"taxonomy":"product_tag","embeddable":true,"href":"https:\/\/irankiuzona.lt\/ru\/wp-json\/wp\/v2\/product_tag?post=430685"}],"curies":[{"name":"wp","href":"https:\/\/api.w.org\/{rel}","templated":true}]}}