{"id":430785,"date":"2026-04-06T05:06:49","date_gmt":"2026-04-06T05:06:49","guid":{"rendered":"https:\/\/irankiuzona.lt\/product\/smugine-galvute-1-2-10mm-12-kampe\/"},"modified":"2026-04-10T00:31:29","modified_gmt":"2026-04-10T00:31:29","slug":"smugine-galvute-1-2-10mm-12-kampe","status":"publish","type":"product","link":"https:\/\/irankiuzona.lt\/ru\/product\/smugine-galvute-1-2-10mm-12-kampe\/","title":{"rendered":"Sm\u016bgin\u0117 galvut\u0117 1\/2 10mm 12-kamp\u0117"},"content":{"rendered":"","protected":false},"excerpt":{"rendered":"<p>Galvut\u0117 1\/2 10mm\u00a0\/ sm\u016bgin\u0117 dvylikakamp\u0117<\/p>","protected":false},"featured_media":176810,"comment_status":"open","ping_status":"open","template":"","meta":[],"product_cat":[9980],"product_tag":[9778],"class_list":{"0":"post-430785","1":"product","2":"type-product","3":"status-publish","4":"has-post-thumbnail","6":"product_brand-triumf-professional-tools-slovakija","7":"product_cat-trumpos-smugines-dvylikakampes-galvutes","8":"product_tag-triumf-professional-tools-slovakija","10":"first","11":"instock","12":"purchasable","13":"product-type-simple"},"jetpack_sharing_enabled":true,"_links":{"self":[{"href":"https:\/\/irankiuzona.lt\/ru\/wp-json\/wp\/v2\/product\/430785","targetHints":{"allow":["GET"]}}],"collection":[{"href":"https:\/\/irankiuzona.lt\/ru\/wp-json\/wp\/v2\/product"}],"about":[{"href":"https:\/\/irankiuzona.lt\/ru\/wp-json\/wp\/v2\/types\/product"}],"replies":[{"embeddable":true,"href":"https:\/\/irankiuzona.lt\/ru\/wp-json\/wp\/v2\/comments?post=430785"}],"version-history":[{"count":1,"href":"https:\/\/irankiuzona.lt\/ru\/wp-json\/wp\/v2\/product\/430785\/revisions"}],"predecessor-version":[{"id":430786,"href":"https:\/\/irankiuzona.lt\/ru\/wp-json\/wp\/v2\/product\/430785\/revisions\/430786"}],"wp:featuredmedia":[{"embeddable":true,"href":"https:\/\/irankiuzona.lt\/ru\/wp-json\/wp\/v2\/media\/176810"}],"wp:attachment":[{"href":"https:\/\/irankiuzona.lt\/ru\/wp-json\/wp\/v2\/media?parent=430785"}],"wp:term":[{"taxonomy":"product_cat","embeddable":true,"href":"https:\/\/irankiuzona.lt\/ru\/wp-json\/wp\/v2\/product_cat?post=430785"},{"taxonomy":"product_tag","embeddable":true,"href":"https:\/\/irankiuzona.lt\/ru\/wp-json\/wp\/v2\/product_tag?post=430785"}],"curies":[{"name":"wp","href":"https:\/\/api.w.org\/{rel}","templated":true}]}}