{"id":430789,"date":"2026-04-06T05:31:48","date_gmt":"2026-04-06T05:31:48","guid":{"rendered":"https:\/\/irankiuzona.lt\/product\/dvipuse-galvute-1-2-ilga-19mm-sugadintiems-varztams\/"},"modified":"2026-04-10T04:21:18","modified_gmt":"2026-04-10T04:21:18","slug":"dvipuse-galvute-1-2-ilga-19mm-sugadintiems-varztams","status":"publish","type":"product","link":"https:\/\/irankiuzona.lt\/ru\/product\/dvipuse-galvute-1-2-ilga-19mm-sugadintiems-varztams\/","title":{"rendered":"Dvipus\u0117 galvut\u0117 1\/2 ilga 19mm sugadintiems var\u017etams"},"content":{"rendered":"<p>Vienoje pus\u0117je sm\u016bgin\u0117 19mm galvut\u0117 (\u0161e\u0161iakamp\u0117) &#8211; kitoje pus\u0117je sm\u016bgin\u0117 19mm galvut\u0117 sugadintiems var\u017etams!Chrome-molybden<\/p>","protected":false},"excerpt":{"rendered":"<p>Galvut\u0117 1\/2 ilga 19mm sugadintiems var\u017etams \/ slapukams<\/p>","protected":false},"featured_media":241382,"comment_status":"open","ping_status":"open","template":"","meta":[],"product_cat":[9962],"product_tag":[9778],"class_list":{"0":"post-430789","1":"product","2":"type-product","3":"status-publish","4":"has-post-thumbnail","6":"product_brand-triumf-professional-tools-slovakija","7":"product_cat-galvutes-sugadintiems-varztams","8":"product_tag-triumf-professional-tools-slovakija","10":"first","11":"outofstock","12":"purchasable","13":"product-type-simple"},"jetpack_sharing_enabled":true,"_links":{"self":[{"href":"https:\/\/irankiuzona.lt\/ru\/wp-json\/wp\/v2\/product\/430789","targetHints":{"allow":["GET"]}}],"collection":[{"href":"https:\/\/irankiuzona.lt\/ru\/wp-json\/wp\/v2\/product"}],"about":[{"href":"https:\/\/irankiuzona.lt\/ru\/wp-json\/wp\/v2\/types\/product"}],"replies":[{"embeddable":true,"href":"https:\/\/irankiuzona.lt\/ru\/wp-json\/wp\/v2\/comments?post=430789"}],"version-history":[{"count":1,"href":"https:\/\/irankiuzona.lt\/ru\/wp-json\/wp\/v2\/product\/430789\/revisions"}],"predecessor-version":[{"id":430790,"href":"https:\/\/irankiuzona.lt\/ru\/wp-json\/wp\/v2\/product\/430789\/revisions\/430790"}],"wp:featuredmedia":[{"embeddable":true,"href":"https:\/\/irankiuzona.lt\/ru\/wp-json\/wp\/v2\/media\/241382"}],"wp:attachment":[{"href":"https:\/\/irankiuzona.lt\/ru\/wp-json\/wp\/v2\/media?parent=430789"}],"wp:term":[{"taxonomy":"product_cat","embeddable":true,"href":"https:\/\/irankiuzona.lt\/ru\/wp-json\/wp\/v2\/product_cat?post=430789"},{"taxonomy":"product_tag","embeddable":true,"href":"https:\/\/irankiuzona.lt\/ru\/wp-json\/wp\/v2\/product_tag?post=430789"}],"curies":[{"name":"wp","href":"https:\/\/api.w.org\/{rel}","templated":true}]}}